{"id":5339,"date":"2024-08-15T14:17:47","date_gmt":"2024-08-15T12:17:47","guid":{"rendered":"https:\/\/joema.de\/?page_id=5339"},"modified":"2024-08-15T14:18:23","modified_gmt":"2024-08-15T12:18:23","slug":"werkzeuge","status":"publish","type":"page","link":"https:\/\/joema.de\/?page_id=5339","title":{"rendered":"Werkzeuge"},"content":{"rendered":"\t\t<div data-elementor-type=\"wp-post\" data-elementor-id=\"5339\" class=\"elementor elementor-5339\" data-elementor-settings=\"{&quot;ha_cmc_init_switcher&quot;:&quot;no&quot;}\">\n\t\t\t\t\t\t<section class=\"elementor-section elementor-top-section elementor-element elementor-element-f4e5a8b elementor-section-content-middle elementor-section-boxed elementor-section-height-default elementor-section-height-default\" data-id=\"f4e5a8b\" data-element_type=\"section\" data-settings=\"{&quot;background_background&quot;:&quot;classic&quot;,&quot;_ha_eqh_enable&quot;:false}\">\n\t\t\t\t\t\t\t<div class=\"elementor-background-overlay\"><\/div>\n\t\t\t\t\t\t\t<div class=\"elementor-container elementor-column-gap-default\">\n\t\t\t\t\t<div class=\"elementor-column elementor-col-100 elementor-top-column elementor-element elementor-element-2c3c3be\" data-id=\"2c3c3be\" data-element_type=\"column\">\n\t\t\t<div class=\"elementor-widget-wrap elementor-element-populated\">\n\t\t\t\t\t\t<div class=\"elementor-element elementor-element-7878364 elementor-hidden-tablet elementor-hidden-phone elementor-invisible elementor-widget elementor-widget-heading\" data-id=\"7878364\" data-element_type=\"widget\" data-settings=\"{&quot;_animation&quot;:&quot;fadeInUp&quot;}\" data-widget_type=\"heading.default\">\n\t\t\t\t<div class=\"elementor-widget-container\">\n\t\t\t<div class=\"elementor-heading-title elementor-size-small elementor-heading-title elementor-size-small elementor-align-after-center elementor-align-after-mobile-center\">Werkzeuge<\/div>\t\t<\/div>\n\t\t\t\t<\/div>\n\t\t\t\t<div class=\"elementor-element elementor-element-a01c085 elementor-hidden-desktop elementor-invisible elementor-widget elementor-widget-heading\" data-id=\"a01c085\" data-element_type=\"widget\" data-settings=\"{&quot;_animation&quot;:&quot;fadeInUp&quot;}\" data-widget_type=\"heading.default\">\n\t\t\t\t<div class=\"elementor-widget-container\">\n\t\t\t<div class=\"elementor-heading-title elementor-size-small elementor-heading-title elementor-size-small elementor-align-after-center elementor-align-after-mobile-center\">Werkzeuge<\/div>\t\t<\/div>\n\t\t\t\t<\/div>\n\t\t\t\t\t<\/div>\n\t\t<\/div>\n\t\t\t\t\t<\/div>\n\t\t<\/section>\n\t\t\t\t<section class=\"elementor-section elementor-top-section elementor-element elementor-element-baee613 elementor-section-boxed elementor-section-height-default elementor-section-height-default\" data-id=\"baee613\" data-element_type=\"section\" data-settings=\"{&quot;_ha_eqh_enable&quot;:false}\">\n\t\t\t\t\t\t<div class=\"elementor-container elementor-column-gap-default\">\n\t\t\t\t\t<div class=\"elementor-column elementor-col-100 elementor-top-column elementor-element elementor-element-1e56732\" data-id=\"1e56732\" data-element_type=\"column\">\n\t\t\t<div class=\"elementor-widget-wrap elementor-element-populated\">\n\t\t\t\t\t\t<div class=\"elementor-element elementor-element-0d211bb elementor-widget elementor-widget-spacer\" data-id=\"0d211bb\" data-element_type=\"widget\" data-widget_type=\"spacer.default\">\n\t\t\t\t<div class=\"elementor-widget-container\">\n\t\t\t\t\t<div class=\"elementor-spacer\">\n\t\t\t<div class=\"elementor-spacer-inner\"><\/div>\n\t\t<\/div>\n\t\t\t\t<\/div>\n\t\t\t\t<\/div>\n\t\t\t\t\t<\/div>\n\t\t<\/div>\n\t\t\t\t\t<\/div>\n\t\t<\/section>\n\t\t\t\t<section class=\"elementor-section elementor-top-section elementor-element elementor-element-619ffea elementor-section-boxed elementor-section-height-default elementor-section-height-default\" data-id=\"619ffea\" data-element_type=\"section\" data-settings=\"{&quot;_ha_eqh_enable&quot;:false}\">\n\t\t\t\t\t\t<div class=\"elementor-container elementor-column-gap-default\">\n\t\t\t\t\t<div class=\"elementor-column elementor-col-100 elementor-top-column elementor-element elementor-element-7cd6216\" data-id=\"7cd6216\" data-element_type=\"column\">\n\t\t\t<div class=\"elementor-widget-wrap elementor-element-populated\">\n\t\t\t\t\t\t<div class=\"elementor-element elementor-element-9e5165a elementor-widget elementor-widget-heading\" data-id=\"9e5165a\" data-element_type=\"widget\" data-widget_type=\"heading.default\">\n\t\t\t\t<div class=\"elementor-widget-container\">\n\t\t\t<h2 class=\"elementor-heading-title elementor-size-default elementor-heading-title elementor-align-after-center\">Hobelk\u00f6pfe, Keilzinkenfr\u00e4ser, Kreiss\u00e4gebl\u00e4tter<\/h2>\t\t<\/div>\n\t\t\t\t<\/div>\n\t\t\t\t\t<\/div>\n\t\t<\/div>\n\t\t\t\t\t<\/div>\n\t\t<\/section>\n\t\t\t\t<section class=\"elementor-section elementor-top-section elementor-element elementor-element-c60c9ed elementor-section-boxed elementor-section-height-default elementor-section-height-default\" data-id=\"c60c9ed\" data-element_type=\"section\" data-settings=\"{&quot;_ha_eqh_enable&quot;:false}\">\n\t\t\t\t\t\t<div class=\"elementor-container elementor-column-gap-default\">\n\t\t\t\t\t<div class=\"elementor-column elementor-col-100 elementor-top-column elementor-element elementor-element-353bd0d\" data-id=\"353bd0d\" data-element_type=\"column\">\n\t\t\t<div class=\"elementor-widget-wrap elementor-element-populated\">\n\t\t\t\t\t\t<div class=\"elementor-element elementor-element-30c792d elementor-widget elementor-widget-text-editor\" data-id=\"30c792d\" data-element_type=\"widget\" data-widget_type=\"text-editor.default\">\n\t\t\t\t<div class=\"elementor-widget-container\">\n\t\t\t\t\t\t\t<p class=\"MsoNormal\">Durch den Handel mit Gebrauchtmaschinen haben wir auch st\u00e4ndig eine Vielzahl an gebrauchten Werkzeugen auf Lager. Diese umfassen unter anderem Hobelk\u00f6pfe, Hobelwellen, Keilzinkenfr\u00e4ser und Kreiss\u00e4gebl\u00e4tter, welche von uns zu g\u00fcnstigen Konditionen angeboten werden.<\/p><p class=\"MsoNormal\">Ein Gro\u00dfteil der gebrauchten Werkzeuge finden Sie in unserem neuen Online-Shop. Klicken Sie auf den nachfolgenden Button, um zu unserer Shop-Seite zu gelangen. Bitte beachten Sie, dass sich die Seite derzeit noch im Aufbau befindet. Sollten Sie die ben\u00f6tigten Werkzeuge dort nicht finden, k\u00f6nnen Sie uns jederzeit kontaktieren.<\/p><p class=\"MsoNormal\">Gerne unterst\u00fctzen wir Sie auch bei der Auswahl neuer Werkzeuge. Dank unserer langj\u00e4hrigen Erfahrung und detaillierten Konstruktionsunterlagen k\u00f6nnen wir zudem neue Hobel- und Werkzeugwellen herstellerunabh\u00e4ngig fertigen lassen.<\/p>\t\t\t\t\t\t<\/div>\n\t\t\t\t<\/div>\n\t\t\t\t\t<\/div>\n\t\t<\/div>\n\t\t\t\t\t<\/div>\n\t\t<\/section>\n\t\t\t\t<section class=\"elementor-section elementor-top-section elementor-element elementor-element-2eb0184 elementor-section-boxed elementor-section-height-default elementor-section-height-default\" data-id=\"2eb0184\" data-element_type=\"section\" data-settings=\"{&quot;_ha_eqh_enable&quot;:false}\">\n\t\t\t\t\t\t<div class=\"elementor-container elementor-column-gap-default\">\n\t\t\t\t\t<div class=\"elementor-column elementor-col-100 elementor-top-column elementor-element elementor-element-1b129f4\" data-id=\"1b129f4\" data-element_type=\"column\">\n\t\t\t<div class=\"elementor-widget-wrap elementor-element-populated\">\n\t\t\t\t\t\t<div class=\"elementor-element elementor-element-69a78ec elementor-button-danger elementor-align-center elementor-widget elementor-widget-button\" data-id=\"69a78ec\" data-element_type=\"widget\" data-widget_type=\"button.default\">\n\t\t\t\t<div class=\"elementor-widget-container\">\n\t\t\t\t\t<div class=\"elementor-button-wrapper\">\n\t\t\t<a class=\"elementor-button elementor-button-link elementor-size-sm\" href=\"https:\/\/joema-shop.de\/\">\n\t\t\t\t\t\t<span class=\"elementor-button-content-wrapper\">\n\t\t\t\t\t\t\t\t\t<span class=\"elementor-button-text\">zur Shop-Seite<\/span>\n\t\t\t\t\t<\/span>\n\t\t\t\t\t<\/a>\n\t\t<\/div>\n\t\t\t\t<\/div>\n\t\t\t\t<\/div>\n\t\t\t\t\t<\/div>\n\t\t<\/div>\n\t\t\t\t\t<\/div>\n\t\t<\/section>\n\t\t\t\t<section class=\"elementor-section elementor-top-section elementor-element elementor-element-4e777d1 elementor-section-boxed elementor-section-height-default elementor-section-height-default\" data-id=\"4e777d1\" data-element_type=\"section\" data-settings=\"{&quot;_ha_eqh_enable&quot;:false}\">\n\t\t\t\t\t\t<div class=\"elementor-container elementor-column-gap-default\">\n\t\t\t\t\t<div class=\"elementor-column elementor-col-33 elementor-top-column elementor-element elementor-element-38a2e89\" data-id=\"38a2e89\" data-element_type=\"column\">\n\t\t\t<div class=\"elementor-widget-wrap elementor-element-populated\">\n\t\t\t\t\t\t<div class=\"elementor-element elementor-element-5d731c8 elementor-widget elementor-widget-image\" data-id=\"5d731c8\" data-element_type=\"widget\" data-widget_type=\"image.default\">\n\t\t\t\t<div class=\"elementor-widget-container\">\n\t\t\t\t\t\t\t\t\t\t\t\t\t<img fetchpriority=\"high\" decoding=\"async\" width=\"300\" height=\"225\" src=\"https:\/\/joema.de\/wp-content\/uploads\/2024\/08\/Keilzinkenfraeser-300x225.jpg\" class=\"attachment-medium size-medium wp-image-5341\" alt=\"\" srcset=\"https:\/\/joema.de\/wp-content\/uploads\/2024\/08\/Keilzinkenfraeser-300x225.jpg 300w, https:\/\/joema.de\/wp-content\/uploads\/2024\/08\/Keilzinkenfraeser-1024x768.jpg 1024w, https:\/\/joema.de\/wp-content\/uploads\/2024\/08\/Keilzinkenfraeser-768x576.jpg 768w, https:\/\/joema.de\/wp-content\/uploads\/2024\/08\/Keilzinkenfraeser-1536x1152.jpg 1536w, https:\/\/joema.de\/wp-content\/uploads\/2024\/08\/Keilzinkenfraeser-285x214.jpg 285w, https:\/\/joema.de\/wp-content\/uploads\/2024\/08\/Keilzinkenfraeser-1600x1200.jpg 1600w, https:\/\/joema.de\/wp-content\/uploads\/2024\/08\/Keilzinkenfraeser-800x600.jpg 800w, https:\/\/joema.de\/wp-content\/uploads\/2024\/08\/Keilzinkenfraeser-660x495.jpg 660w, https:\/\/joema.de\/wp-content\/uploads\/2024\/08\/Keilzinkenfraeser-150x113.jpg 150w, https:\/\/joema.de\/wp-content\/uploads\/2024\/08\/Keilzinkenfraeser.jpg 2048w\" sizes=\"(max-width: 300px) 100vw, 300px\" \/>\t\t\t\t\t\t\t\t\t\t\t\t\t<\/div>\n\t\t\t\t<\/div>\n\t\t\t\t\t<\/div>\n\t\t<\/div>\n\t\t\t\t<div class=\"elementor-column elementor-col-33 elementor-top-column elementor-element elementor-element-2ef464e\" data-id=\"2ef464e\" data-element_type=\"column\">\n\t\t\t<div class=\"elementor-widget-wrap elementor-element-populated\">\n\t\t\t\t\t\t<div class=\"elementor-element elementor-element-fa63910 elementor-widget elementor-widget-image\" data-id=\"fa63910\" data-element_type=\"widget\" data-widget_type=\"image.default\">\n\t\t\t\t<div class=\"elementor-widget-container\">\n\t\t\t\t\t\t\t\t\t\t\t\t\t<img decoding=\"async\" width=\"300\" height=\"225\" src=\"https:\/\/joema.de\/wp-content\/uploads\/2024\/08\/Hobelkoepfe-300x225.jpg\" class=\"attachment-medium size-medium wp-image-5345\" alt=\"\" srcset=\"https:\/\/joema.de\/wp-content\/uploads\/2024\/08\/Hobelkoepfe-300x225.jpg 300w, https:\/\/joema.de\/wp-content\/uploads\/2024\/08\/Hobelkoepfe-1024x768.jpg 1024w, https:\/\/joema.de\/wp-content\/uploads\/2024\/08\/Hobelkoepfe-768x576.jpg 768w, https:\/\/joema.de\/wp-content\/uploads\/2024\/08\/Hobelkoepfe-1536x1152.jpg 1536w, https:\/\/joema.de\/wp-content\/uploads\/2024\/08\/Hobelkoepfe-2048x1536.jpg 2048w, https:\/\/joema.de\/wp-content\/uploads\/2024\/08\/Hobelkoepfe-285x214.jpg 285w, https:\/\/joema.de\/wp-content\/uploads\/2024\/08\/Hobelkoepfe-1600x1200.jpg 1600w, https:\/\/joema.de\/wp-content\/uploads\/2024\/08\/Hobelkoepfe-800x600.jpg 800w, https:\/\/joema.de\/wp-content\/uploads\/2024\/08\/Hobelkoepfe-660x495.jpg 660w, https:\/\/joema.de\/wp-content\/uploads\/2024\/08\/Hobelkoepfe-150x113.jpg 150w\" sizes=\"(max-width: 300px) 100vw, 300px\" \/>\t\t\t\t\t\t\t\t\t\t\t\t\t<\/div>\n\t\t\t\t<\/div>\n\t\t\t\t\t<\/div>\n\t\t<\/div>\n\t\t\t\t<div class=\"elementor-column elementor-col-33 elementor-top-column elementor-element elementor-element-3a6aadc\" data-id=\"3a6aadc\" data-element_type=\"column\">\n\t\t\t<div class=\"elementor-widget-wrap elementor-element-populated\">\n\t\t\t\t\t\t<div class=\"elementor-element elementor-element-215b38e elementor-widget elementor-widget-image\" data-id=\"215b38e\" data-element_type=\"widget\" data-widget_type=\"image.default\">\n\t\t\t\t<div class=\"elementor-widget-container\">\n\t\t\t\t\t\t\t\t\t\t\t\t\t<img decoding=\"async\" width=\"300\" height=\"225\" src=\"https:\/\/joema.de\/wp-content\/uploads\/2024\/08\/Keilzinkenfraeser-01-300x225.jpg\" class=\"attachment-medium size-medium wp-image-5343\" alt=\"\" srcset=\"https:\/\/joema.de\/wp-content\/uploads\/2024\/08\/Keilzinkenfraeser-01-300x225.jpg 300w, https:\/\/joema.de\/wp-content\/uploads\/2024\/08\/Keilzinkenfraeser-01-1024x768.jpg 1024w, https:\/\/joema.de\/wp-content\/uploads\/2024\/08\/Keilzinkenfraeser-01-768x576.jpg 768w, https:\/\/joema.de\/wp-content\/uploads\/2024\/08\/Keilzinkenfraeser-01-1536x1152.jpg 1536w, https:\/\/joema.de\/wp-content\/uploads\/2024\/08\/Keilzinkenfraeser-01-2048x1536.jpg 2048w, https:\/\/joema.de\/wp-content\/uploads\/2024\/08\/Keilzinkenfraeser-01-285x214.jpg 285w, https:\/\/joema.de\/wp-content\/uploads\/2024\/08\/Keilzinkenfraeser-01-1600x1200.jpg 1600w, https:\/\/joema.de\/wp-content\/uploads\/2024\/08\/Keilzinkenfraeser-01-800x600.jpg 800w, https:\/\/joema.de\/wp-content\/uploads\/2024\/08\/Keilzinkenfraeser-01-660x495.jpg 660w, https:\/\/joema.de\/wp-content\/uploads\/2024\/08\/Keilzinkenfraeser-01-150x113.jpg 150w\" sizes=\"(max-width: 300px) 100vw, 300px\" \/>\t\t\t\t\t\t\t\t\t\t\t\t\t<\/div>\n\t\t\t\t<\/div>\n\t\t\t\t\t<\/div>\n\t\t<\/div>\n\t\t\t\t\t<\/div>\n\t\t<\/section>\n\t\t\t\t<section class=\"elementor-section elementor-top-section elementor-element elementor-element-36991d0 elementor-section-boxed elementor-section-height-default elementor-section-height-default\" data-id=\"36991d0\" data-element_type=\"section\" data-settings=\"{&quot;_ha_eqh_enable&quot;:false}\">\n\t\t\t\t\t\t<div class=\"elementor-container elementor-column-gap-default\">\n\t\t\t\t\t<div class=\"elementor-column elementor-col-100 elementor-top-column elementor-element elementor-element-3dfc7bd\" data-id=\"3dfc7bd\" data-element_type=\"column\">\n\t\t\t<div class=\"elementor-widget-wrap elementor-element-populated\">\n\t\t\t\t\t\t<div class=\"elementor-element elementor-element-7edb508 elementor-widget elementor-widget-spacer\" data-id=\"7edb508\" data-element_type=\"widget\" data-widget_type=\"spacer.default\">\n\t\t\t\t<div class=\"elementor-widget-container\">\n\t\t\t\t\t<div class=\"elementor-spacer\">\n\t\t\t<div class=\"elementor-spacer-inner\"><\/div>\n\t\t<\/div>\n\t\t\t\t<\/div>\n\t\t\t\t<\/div>\n\t\t\t\t\t<\/div>\n\t\t<\/div>\n\t\t\t\t\t<\/div>\n\t\t<\/section>\n\t\t\t\t<\/div>\n\t\t","protected":false},"excerpt":{"rendered":"<p>Werkzeuge Werkzeuge Hobelk\u00f6pfe, Keilzinkenfr\u00e4ser, Kreiss\u00e4gebl\u00e4tter Durch den Handel mit Gebrauchtmaschinen haben wir auch st\u00e4ndig eine Vielzahl an gebrauchten&#8230;<\/p>\n","protected":false},"author":1,"featured_media":0,"parent":0,"menu_order":0,"comment_status":"closed","ping_status":"closed","template":"elementor_canvas","meta":{"footnotes":""},"class_list":["post-5339","page","type-page","status-publish","hentry"],"_links":{"self":[{"href":"https:\/\/joema.de\/index.php?rest_route=\/wp\/v2\/pages\/5339"}],"collection":[{"href":"https:\/\/joema.de\/index.php?rest_route=\/wp\/v2\/pages"}],"about":[{"href":"https:\/\/joema.de\/index.php?rest_route=\/wp\/v2\/types\/page"}],"author":[{"embeddable":true,"href":"https:\/\/joema.de\/index.php?rest_route=\/wp\/v2\/users\/1"}],"replies":[{"embeddable":true,"href":"https:\/\/joema.de\/index.php?rest_route=%2Fwp%2Fv2%2Fcomments&post=5339"}],"version-history":[{"count":4,"href":"https:\/\/joema.de\/index.php?rest_route=\/wp\/v2\/pages\/5339\/revisions"}],"predecessor-version":[{"id":5349,"href":"https:\/\/joema.de\/index.php?rest_route=\/wp\/v2\/pages\/5339\/revisions\/5349"}],"wp:attachment":[{"href":"https:\/\/joema.de\/index.php?rest_route=%2Fwp%2Fv2%2Fmedia&parent=5339"}],"curies":[{"name":"wp","href":"https:\/\/api.w.org\/{rel}","templated":true}]}}