{"id":5307,"date":"2024-08-16T08:48:06","date_gmt":"2024-08-16T06:48:06","guid":{"rendered":"https:\/\/joema.de\/?page_id=5307"},"modified":"2024-08-16T10:13:24","modified_gmt":"2024-08-16T08:13:24","slug":"ueber-uns","status":"publish","type":"page","link":"https:\/\/joema.de\/?page_id=5307","title":{"rendered":"\u00dcber uns"},"content":{"rendered":"\t\t<div data-elementor-type=\"wp-post\" data-elementor-id=\"5307\" class=\"elementor elementor-5307\" data-elementor-settings=\"{&quot;ha_cmc_init_switcher&quot;:&quot;no&quot;}\">\n\t\t\t\t\t\t<section class=\"elementor-section elementor-top-section elementor-element elementor-element-f4e5a8b elementor-section-content-middle elementor-section-boxed elementor-section-height-default elementor-section-height-default\" data-id=\"f4e5a8b\" data-element_type=\"section\" data-settings=\"{&quot;background_background&quot;:&quot;classic&quot;,&quot;_ha_eqh_enable&quot;:false}\">\n\t\t\t\t\t\t\t<div class=\"elementor-background-overlay\"><\/div>\n\t\t\t\t\t\t\t<div class=\"elementor-container elementor-column-gap-default\">\n\t\t\t\t\t<div class=\"elementor-column elementor-col-100 elementor-top-column elementor-element elementor-element-2c3c3be\" data-id=\"2c3c3be\" data-element_type=\"column\">\n\t\t\t<div class=\"elementor-widget-wrap elementor-element-populated\">\n\t\t\t\t\t\t<div class=\"elementor-element elementor-element-7878364 elementor-hidden-tablet elementor-hidden-phone elementor-invisible elementor-widget elementor-widget-heading\" data-id=\"7878364\" data-element_type=\"widget\" data-settings=\"{&quot;_animation&quot;:&quot;fadeInUp&quot;}\" data-widget_type=\"heading.default\">\n\t\t\t\t<div class=\"elementor-widget-container\">\n\t\t\t<div class=\"elementor-heading-title elementor-size-small elementor-heading-title elementor-size-small elementor-align-after-center elementor-align-after-mobile-center\">\u00dcber uns<\/div>\t\t<\/div>\n\t\t\t\t<\/div>\n\t\t\t\t<div class=\"elementor-element elementor-element-a01c085 elementor-hidden-desktop elementor-invisible elementor-widget elementor-widget-heading\" data-id=\"a01c085\" data-element_type=\"widget\" data-settings=\"{&quot;_animation&quot;:&quot;fadeInUp&quot;}\" data-widget_type=\"heading.default\">\n\t\t\t\t<div class=\"elementor-widget-container\">\n\t\t\t<div class=\"elementor-heading-title elementor-size-small elementor-heading-title elementor-size-small elementor-align-after-center elementor-align-after-mobile-center\">\u00dcber uns<\/div>\t\t<\/div>\n\t\t\t\t<\/div>\n\t\t\t\t\t<\/div>\n\t\t<\/div>\n\t\t\t\t\t<\/div>\n\t\t<\/section>\n\t\t\t\t<section class=\"elementor-section elementor-top-section elementor-element elementor-element-0595269 elementor-section-boxed elementor-section-height-default elementor-section-height-default\" data-id=\"0595269\" data-element_type=\"section\" data-settings=\"{&quot;_ha_eqh_enable&quot;:false}\">\n\t\t\t\t\t\t<div class=\"elementor-container elementor-column-gap-default\">\n\t\t\t\t\t<div class=\"elementor-column elementor-col-50 elementor-top-column elementor-element elementor-element-0577cfd elementor-invisible\" data-id=\"0577cfd\" data-element_type=\"column\" data-settings=\"{&quot;animation&quot;:&quot;fadeIn&quot;,&quot;animation_delay&quot;:200,&quot;background_background&quot;:&quot;classic&quot;}\">\n\t\t\t<div class=\"elementor-widget-wrap elementor-element-populated\">\n\t\t\t\t\t<div class=\"elementor-background-overlay\"><\/div>\n\t\t\t\t\t\t<div class=\"elementor-element elementor-element-03d7500 elementor-widget elementor-widget-heading\" data-id=\"03d7500\" data-element_type=\"widget\" data-widget_type=\"heading.default\">\n\t\t\t\t<div class=\"elementor-widget-container\">\n\t\t\t<h2 class=\"elementor-heading-title elementor-size-default elementor-heading-title elementor-align-after-left elementor-align-after-mobile-center elementor-align-after-tablet-left\">J\u00f6ma GmbH<\/h2>\t\t<\/div>\n\t\t\t\t<\/div>\n\t\t\t\t<div class=\"elementor-element elementor-element-3253c86 elementor-widget elementor-widget-text-editor\" data-id=\"3253c86\" data-element_type=\"widget\" data-widget_type=\"text-editor.default\">\n\t\t\t\t<div class=\"elementor-widget-container\">\n\t\t\t\t\t\t\t<p>Die Firma wurde 1985 von Michael J\u00f6rger als Einzelunternehmen gegr\u00fcndet und 1990 in eine GmbH umbenannt. j\u00f6ma GmbH ist f\u00fcr Sie der richtige Ansprechpartner wenn es um Maschinen f\u00fcr die Holzbearbeitung aller Art geht. Wir sind spezialisiert auf An- und Verkauf, auf die Reparatur, General\u00fcberholung, Montage und Service von neuen und gebrauchten Holzbearbeitungsmaschinen, insbesondere im Bereich Keilzinken und Hobeln. Au\u00dferdem planen wir neue Fertigungslinien sowie die Einbindung gebrauchter und \u00fcberholter Maschinen in bestehende Anlagen.<\/p>\t\t\t\t\t\t<\/div>\n\t\t\t\t<\/div>\n\t\t\t\t\t<\/div>\n\t\t<\/div>\n\t\t\t\t<div class=\"elementor-column elementor-col-50 elementor-top-column elementor-element elementor-element-27cabc2 elementor-invisible\" data-id=\"27cabc2\" data-element_type=\"column\" data-settings=\"{&quot;animation&quot;:&quot;fadeIn&quot;}\">\n\t\t\t<div class=\"elementor-widget-wrap elementor-element-populated\">\n\t\t\t\t\t\t<div class=\"elementor-element elementor-element-a528216 elementor-widget elementor-widget-image\" data-id=\"a528216\" data-element_type=\"widget\" data-widget_type=\"image.default\">\n\t\t\t\t<div class=\"elementor-widget-container\">\n\t\t\t\t\t\t\t\t\t\t\t\t\t<img fetchpriority=\"high\" decoding=\"async\" width=\"910\" height=\"490\" src=\"https:\/\/joema.de\/wp-content\/uploads\/2021\/01\/Bild-1b.png\" class=\"attachment-large size-large wp-image-2310\" alt=\"\" srcset=\"https:\/\/joema.de\/wp-content\/uploads\/2021\/01\/Bild-1b.png 910w, https:\/\/joema.de\/wp-content\/uploads\/2021\/01\/Bild-1b-300x162.png 300w, https:\/\/joema.de\/wp-content\/uploads\/2021\/01\/Bild-1b-768x414.png 768w, https:\/\/joema.de\/wp-content\/uploads\/2021\/01\/Bild-1b-285x153.png 285w, https:\/\/joema.de\/wp-content\/uploads\/2021\/01\/Bild-1b-660x355.png 660w, https:\/\/joema.de\/wp-content\/uploads\/2021\/01\/Bild-1b-150x81.png 150w\" sizes=\"(max-width: 910px) 100vw, 910px\" \/>\t\t\t\t\t\t\t\t\t\t\t\t\t<\/div>\n\t\t\t\t<\/div>\n\t\t\t\t\t<\/div>\n\t\t<\/div>\n\t\t\t\t\t<\/div>\n\t\t<\/section>\n\t\t\t\t<section class=\"elementor-section elementor-top-section elementor-element elementor-element-fa1e8f0 elementor-section-boxed elementor-section-height-default elementor-section-height-default\" data-id=\"fa1e8f0\" data-element_type=\"section\" data-settings=\"{&quot;_ha_eqh_enable&quot;:false}\">\n\t\t\t\t\t\t<div class=\"elementor-container elementor-column-gap-default\">\n\t\t\t\t\t<div class=\"elementor-column elementor-col-100 elementor-top-column elementor-element elementor-element-239ad70\" data-id=\"239ad70\" data-element_type=\"column\">\n\t\t\t<div class=\"elementor-widget-wrap\">\n\t\t\t\t\t\t\t<\/div>\n\t\t<\/div>\n\t\t\t\t\t<\/div>\n\t\t<\/section>\n\t\t\t\t<section class=\"elementor-section elementor-top-section elementor-element elementor-element-05080d0 elementor-section-boxed elementor-section-height-default elementor-section-height-default\" data-id=\"05080d0\" data-element_type=\"section\" data-settings=\"{&quot;_ha_eqh_enable&quot;:false}\">\n\t\t\t\t\t\t<div class=\"elementor-container elementor-column-gap-default\">\n\t\t\t\t\t<div class=\"elementor-column elementor-col-25 elementor-top-column elementor-element elementor-element-b124e32\" data-id=\"b124e32\" data-element_type=\"column\">\n\t\t\t<div class=\"elementor-widget-wrap elementor-element-populated\">\n\t\t\t\t\t\t<div class=\"elementor-element elementor-element-f6a718a elementor-widget__width-initial elementor-widget elementor-widget-text-editor\" data-id=\"f6a718a\" data-element_type=\"widget\" data-widget_type=\"text-editor.default\">\n\t\t\t\t<div class=\"elementor-widget-container\">\n\t\t\t\t\t\t\t<p><strong>1985<\/strong><\/p>\t\t\t\t\t\t<\/div>\n\t\t\t\t<\/div>\n\t\t\t\t<div class=\"elementor-element elementor-element-0a46477 elementor-widget elementor-widget-image\" data-id=\"0a46477\" data-element_type=\"widget\" data-widget_type=\"image.default\">\n\t\t\t\t<div class=\"elementor-widget-container\">\n\t\t\t\t\t\t\t\t\t\t\t\t\t<img decoding=\"async\" width=\"300\" height=\"300\" src=\"https:\/\/joema.de\/wp-content\/uploads\/2021\/01\/Die-anfange-e1609676500517-300x300.jpg\" class=\"attachment-medium size-medium wp-image-2311\" alt=\"\" srcset=\"https:\/\/joema.de\/wp-content\/uploads\/2021\/01\/Die-anfange-e1609676500517-300x300.jpg 300w, https:\/\/joema.de\/wp-content\/uploads\/2021\/01\/Die-anfange-e1609676500517-150x150.jpg 150w, https:\/\/joema.de\/wp-content\/uploads\/2021\/01\/Die-anfange-e1609676500517-285x286.jpg 285w, https:\/\/joema.de\/wp-content\/uploads\/2021\/01\/Die-anfange-e1609676500517-270x270.jpg 270w, https:\/\/joema.de\/wp-content\/uploads\/2021\/01\/Die-anfange-e1609676500517-540x540.jpg 540w, https:\/\/joema.de\/wp-content\/uploads\/2021\/01\/Die-anfange-e1609676500517-658x660.jpg 658w, https:\/\/joema.de\/wp-content\/uploads\/2021\/01\/Die-anfange-e1609676500517.jpg 768w\" sizes=\"(max-width: 300px) 100vw, 300px\" \/>\t\t\t\t\t\t\t\t\t\t\t\t\t<\/div>\n\t\t\t\t<\/div>\n\t\t\t\t<div class=\"elementor-element elementor-element-6a510ba elementor-widget elementor-widget-heading\" data-id=\"6a510ba\" data-element_type=\"widget\" data-widget_type=\"heading.default\">\n\t\t\t\t<div class=\"elementor-widget-container\">\n\t\t\t<h6 class=\"elementor-heading-title elementor-size-default elementor-heading-title elementor-align-after-left\"><p>Die Anf\u00e4nge unserer Werkstatt<\/p><\/h6>\t\t<\/div>\n\t\t\t\t<\/div>\n\t\t\t\t\t<\/div>\n\t\t<\/div>\n\t\t\t\t<div class=\"elementor-column elementor-col-25 elementor-top-column elementor-element elementor-element-df472f7\" data-id=\"df472f7\" data-element_type=\"column\">\n\t\t\t<div class=\"elementor-widget-wrap elementor-element-populated\">\n\t\t\t\t\t\t<div class=\"elementor-element elementor-element-771a88d elementor-widget__width-initial elementor-widget elementor-widget-text-editor\" data-id=\"771a88d\" data-element_type=\"widget\" data-widget_type=\"text-editor.default\">\n\t\t\t\t<div class=\"elementor-widget-container\">\n\t\t\t\t\t\t\t<p><strong>1990<\/strong><\/p>\t\t\t\t\t\t<\/div>\n\t\t\t\t<\/div>\n\t\t\t\t<div class=\"elementor-element elementor-element-8d1da27 elementor-widget__width-initial elementor-widget elementor-widget-image\" data-id=\"8d1da27\" data-element_type=\"widget\" data-widget_type=\"image.default\">\n\t\t\t\t<div class=\"elementor-widget-container\">\n\t\t\t\t\t\t\t\t\t\t\t\t\t<img decoding=\"async\" width=\"300\" height=\"237\" src=\"https:\/\/joema.de\/wp-content\/uploads\/2024\/08\/2024-08-16_08h31_31-300x237.png\" class=\"attachment-medium size-medium wp-image-5385\" alt=\"\" srcset=\"https:\/\/joema.de\/wp-content\/uploads\/2024\/08\/2024-08-16_08h31_31-300x237.png 300w, https:\/\/joema.de\/wp-content\/uploads\/2024\/08\/2024-08-16_08h31_31-285x225.png 285w, https:\/\/joema.de\/wp-content\/uploads\/2024\/08\/2024-08-16_08h31_31-150x118.png 150w, https:\/\/joema.de\/wp-content\/uploads\/2024\/08\/2024-08-16_08h31_31.png 322w\" sizes=\"(max-width: 300px) 100vw, 300px\" \/>\t\t\t\t\t\t\t\t\t\t\t\t\t<\/div>\n\t\t\t\t<\/div>\n\t\t\t\t<div class=\"elementor-element elementor-element-5a2ec64 elementor-widget elementor-widget-heading\" data-id=\"5a2ec64\" data-element_type=\"widget\" data-widget_type=\"heading.default\">\n\t\t\t\t<div class=\"elementor-widget-container\">\n\t\t\t<h6 class=\"elementor-heading-title elementor-size-default elementor-heading-title elementor-align-after-left\"><p>Vom Einzelunternehmen zur GmbH<\/p><\/h6>\t\t<\/div>\n\t\t\t\t<\/div>\n\t\t\t\t\t<\/div>\n\t\t<\/div>\n\t\t\t\t<div class=\"elementor-column elementor-col-25 elementor-top-column elementor-element elementor-element-15e0d25\" data-id=\"15e0d25\" data-element_type=\"column\">\n\t\t\t<div class=\"elementor-widget-wrap elementor-element-populated\">\n\t\t\t\t\t\t<div class=\"elementor-element elementor-element-ece501a elementor-widget__width-initial elementor-widget elementor-widget-text-editor\" data-id=\"ece501a\" data-element_type=\"widget\" data-widget_type=\"text-editor.default\">\n\t\t\t\t<div class=\"elementor-widget-container\">\n\t\t\t\t\t\t\t<p><strong>1992<\/strong><\/p>\t\t\t\t\t\t<\/div>\n\t\t\t\t<\/div>\n\t\t\t\t<div class=\"elementor-element elementor-element-0a006f5 elementor-widget elementor-widget-image\" data-id=\"0a006f5\" data-element_type=\"widget\" data-widget_type=\"image.default\">\n\t\t\t\t<div class=\"elementor-widget-container\">\n\t\t\t\t\t\t\t\t\t\t\t\t\t<img loading=\"lazy\" decoding=\"async\" width=\"300\" height=\"162\" src=\"https:\/\/joema.de\/wp-content\/uploads\/2021\/01\/Bild-4b-300x162.png\" class=\"attachment-medium size-medium wp-image-2308\" alt=\"\" srcset=\"https:\/\/joema.de\/wp-content\/uploads\/2021\/01\/Bild-4b-300x162.png 300w, https:\/\/joema.de\/wp-content\/uploads\/2021\/01\/Bild-4b-768x414.png 768w, https:\/\/joema.de\/wp-content\/uploads\/2021\/01\/Bild-4b-285x153.png 285w, https:\/\/joema.de\/wp-content\/uploads\/2021\/01\/Bild-4b-660x355.png 660w, https:\/\/joema.de\/wp-content\/uploads\/2021\/01\/Bild-4b-150x81.png 150w, https:\/\/joema.de\/wp-content\/uploads\/2021\/01\/Bild-4b.png 910w\" sizes=\"(max-width: 300px) 100vw, 300px\" \/>\t\t\t\t\t\t\t\t\t\t\t\t\t<\/div>\n\t\t\t\t<\/div>\n\t\t\t\t<div class=\"elementor-element elementor-element-b5fe015 elementor-widget elementor-widget-heading\" data-id=\"b5fe015\" data-element_type=\"widget\" data-widget_type=\"heading.default\">\n\t\t\t\t<div class=\"elementor-widget-container\">\n\t\t\t<h6 class=\"elementor-heading-title elementor-size-default elementor-heading-title elementor-align-after-left\"><p>Neubau und Umzug<\/p><\/h6>\t\t<\/div>\n\t\t\t\t<\/div>\n\t\t\t\t\t<\/div>\n\t\t<\/div>\n\t\t\t\t<div class=\"elementor-column elementor-col-25 elementor-top-column elementor-element elementor-element-2947965\" data-id=\"2947965\" data-element_type=\"column\">\n\t\t\t<div class=\"elementor-widget-wrap elementor-element-populated\">\n\t\t\t\t\t\t<div class=\"elementor-element elementor-element-7992fbc elementor-widget__width-initial elementor-widget elementor-widget-text-editor\" data-id=\"7992fbc\" data-element_type=\"widget\" data-widget_type=\"text-editor.default\">\n\t\t\t\t<div class=\"elementor-widget-container\">\n\t\t\t\t\t\t\t<p><strong>2020<\/strong><\/p>\t\t\t\t\t\t<\/div>\n\t\t\t\t<\/div>\n\t\t\t\t<div class=\"elementor-element elementor-element-3d98706 elementor-widget elementor-widget-image\" data-id=\"3d98706\" data-element_type=\"widget\" data-widget_type=\"image.default\">\n\t\t\t\t<div class=\"elementor-widget-container\">\n\t\t\t\t\t\t\t\t\t\t\t\t\t<img loading=\"lazy\" decoding=\"async\" width=\"300\" height=\"300\" src=\"https:\/\/joema.de\/wp-content\/uploads\/2021\/01\/Luftaufnaheme-Lagerhalle-2020-klein.JPG-300x300.jpg\" class=\"attachment-medium size-medium wp-image-2341\" alt=\"\" srcset=\"https:\/\/joema.de\/wp-content\/uploads\/2021\/01\/Luftaufnaheme-Lagerhalle-2020-klein.JPG-300x300.jpg 300w, https:\/\/joema.de\/wp-content\/uploads\/2021\/01\/Luftaufnaheme-Lagerhalle-2020-klein.JPG-150x150.jpg 150w, https:\/\/joema.de\/wp-content\/uploads\/2021\/01\/Luftaufnaheme-Lagerhalle-2020-klein.JPG-768x768.jpg 768w, https:\/\/joema.de\/wp-content\/uploads\/2021\/01\/Luftaufnaheme-Lagerhalle-2020-klein.JPG-285x285.jpg 285w, https:\/\/joema.de\/wp-content\/uploads\/2021\/01\/Luftaufnaheme-Lagerhalle-2020-klein.JPG-270x270.jpg 270w, https:\/\/joema.de\/wp-content\/uploads\/2021\/01\/Luftaufnaheme-Lagerhalle-2020-klein.JPG-540x540.jpg 540w, https:\/\/joema.de\/wp-content\/uploads\/2021\/01\/Luftaufnaheme-Lagerhalle-2020-klein.JPG-660x660.jpg 660w, https:\/\/joema.de\/wp-content\/uploads\/2021\/01\/Luftaufnaheme-Lagerhalle-2020-klein.JPG.jpg 960w\" sizes=\"(max-width: 300px) 100vw, 300px\" \/>\t\t\t\t\t\t\t\t\t\t\t\t\t<\/div>\n\t\t\t\t<\/div>\n\t\t\t\t<div class=\"elementor-element elementor-element-fb6f0f7 elementor-widget elementor-widget-heading\" data-id=\"fb6f0f7\" data-element_type=\"widget\" data-widget_type=\"heading.default\">\n\t\t\t\t<div class=\"elementor-widget-container\">\n\t\t\t<h6 class=\"elementor-heading-title elementor-size-default elementor-heading-title elementor-align-after-left\"><p>Erweiterung der Lagerfl\u00e4che<\/p><\/h6>\t\t<\/div>\n\t\t\t\t<\/div>\n\t\t\t\t\t<\/div>\n\t\t<\/div>\n\t\t\t\t\t<\/div>\n\t\t<\/section>\n\t\t\t\t<section class=\"elementor-section elementor-top-section elementor-element elementor-element-450e322 elementor-section-boxed elementor-section-height-default elementor-section-height-default\" data-id=\"450e322\" data-element_type=\"section\" data-settings=\"{&quot;_ha_eqh_enable&quot;:false}\">\n\t\t\t\t\t\t<div class=\"elementor-container elementor-column-gap-default\">\n\t\t\t\t\t<div class=\"elementor-column elementor-col-100 elementor-top-column elementor-element elementor-element-097f6f6\" data-id=\"097f6f6\" data-element_type=\"column\">\n\t\t\t<div class=\"elementor-widget-wrap\">\n\t\t\t\t\t\t\t<\/div>\n\t\t<\/div>\n\t\t\t\t\t<\/div>\n\t\t<\/section>\n\t\t\t\t<\/div>\n\t\t","protected":false},"excerpt":{"rendered":"<p>\u00dcber uns \u00dcber uns J\u00f6ma GmbH Die Firma wurde 1985 von Michael J\u00f6rger als Einzelunternehmen gegr\u00fcndet und 1990&#8230;<\/p>\n","protected":false},"author":1,"featured_media":0,"parent":0,"menu_order":0,"comment_status":"closed","ping_status":"closed","template":"elementor_canvas","meta":{"footnotes":""},"class_list":["post-5307","page","type-page","status-publish","hentry"],"_links":{"self":[{"href":"https:\/\/joema.de\/index.php?rest_route=\/wp\/v2\/pages\/5307"}],"collection":[{"href":"https:\/\/joema.de\/index.php?rest_route=\/wp\/v2\/pages"}],"about":[{"href":"https:\/\/joema.de\/index.php?rest_route=\/wp\/v2\/types\/page"}],"author":[{"embeddable":true,"href":"https:\/\/joema.de\/index.php?rest_route=\/wp\/v2\/users\/1"}],"replies":[{"embeddable":true,"href":"https:\/\/joema.de\/index.php?rest_route=%2Fwp%2Fv2%2Fcomments&post=5307"}],"version-history":[{"count":10,"href":"https:\/\/joema.de\/index.php?rest_route=\/wp\/v2\/pages\/5307\/revisions"}],"predecessor-version":[{"id":5439,"href":"https:\/\/joema.de\/index.php?rest_route=\/wp\/v2\/pages\/5307\/revisions\/5439"}],"wp:attachment":[{"href":"https:\/\/joema.de\/index.php?rest_route=%2Fwp%2Fv2%2Fmedia&parent=5307"}],"curies":[{"name":"wp","href":"https:\/\/api.w.org\/{rel}","templated":true}]}}