{"id":5272,"date":"2024-08-14T17:08:31","date_gmt":"2024-08-14T15:08:31","guid":{"rendered":"https:\/\/joema.de\/?page_id=5272"},"modified":"2025-12-23T15:27:25","modified_gmt":"2025-12-23T14:27:25","slug":"gebrauchtmaschinen-2","status":"publish","type":"page","link":"https:\/\/joema.de\/?page_id=5272","title":{"rendered":"Gebrauchtmaschinen"},"content":{"rendered":"\t\t<div data-elementor-type=\"wp-post\" data-elementor-id=\"5272\" class=\"elementor elementor-5272\" data-elementor-settings=\"{&quot;ha_cmc_init_switcher&quot;:&quot;no&quot;}\">\n\t\t\t\t\t\t<section class=\"elementor-section elementor-top-section elementor-element elementor-element-f4e5a8b elementor-section-content-middle elementor-section-boxed elementor-section-height-default elementor-section-height-default\" data-id=\"f4e5a8b\" data-element_type=\"section\" data-settings=\"{&quot;background_background&quot;:&quot;classic&quot;,&quot;_ha_eqh_enable&quot;:false}\">\n\t\t\t\t\t\t\t<div class=\"elementor-background-overlay\"><\/div>\n\t\t\t\t\t\t\t<div class=\"elementor-container elementor-column-gap-default\">\n\t\t\t\t\t<div class=\"elementor-column elementor-col-100 elementor-top-column elementor-element elementor-element-2c3c3be\" data-id=\"2c3c3be\" data-element_type=\"column\">\n\t\t\t<div class=\"elementor-widget-wrap elementor-element-populated\">\n\t\t\t\t\t\t<div class=\"elementor-element elementor-element-7878364 elementor-hidden-tablet elementor-hidden-phone elementor-invisible elementor-widget elementor-widget-heading\" data-id=\"7878364\" data-element_type=\"widget\" data-settings=\"{&quot;_animation&quot;:&quot;fadeInUp&quot;}\" data-widget_type=\"heading.default\">\n\t\t\t\t<div class=\"elementor-widget-container\">\n\t\t\t<div class=\"elementor-heading-title elementor-size-small elementor-heading-title elementor-size-small elementor-align-after-center elementor-align-after-mobile-center\">Gebrauchtmaschinen<\/div>\t\t<\/div>\n\t\t\t\t<\/div>\n\t\t\t\t<div class=\"elementor-element elementor-element-a01c085 elementor-hidden-desktop elementor-invisible elementor-widget elementor-widget-heading\" data-id=\"a01c085\" data-element_type=\"widget\" data-settings=\"{&quot;_animation&quot;:&quot;fadeInUp&quot;}\" data-widget_type=\"heading.default\">\n\t\t\t\t<div class=\"elementor-widget-container\">\n\t\t\t<div class=\"elementor-heading-title elementor-size-small elementor-heading-title elementor-size-small elementor-align-after-center elementor-align-after-mobile-center\">Gebraucht-maschinen<\/div>\t\t<\/div>\n\t\t\t\t<\/div>\n\t\t\t\t\t<\/div>\n\t\t<\/div>\n\t\t\t\t\t<\/div>\n\t\t<\/section>\n\t\t\t\t<section class=\"elementor-section elementor-top-section elementor-element elementor-element-baee613 elementor-section-boxed elementor-section-height-default elementor-section-height-default\" data-id=\"baee613\" data-element_type=\"section\" data-settings=\"{&quot;_ha_eqh_enable&quot;:false}\">\n\t\t\t\t\t\t<div class=\"elementor-container elementor-column-gap-default\">\n\t\t\t\t\t<div class=\"elementor-column elementor-col-100 elementor-top-column elementor-element elementor-element-1e56732\" data-id=\"1e56732\" data-element_type=\"column\">\n\t\t\t<div class=\"elementor-widget-wrap elementor-element-populated\">\n\t\t\t\t\t\t<div class=\"elementor-element elementor-element-0d211bb elementor-widget elementor-widget-spacer\" data-id=\"0d211bb\" data-element_type=\"widget\" data-widget_type=\"spacer.default\">\n\t\t\t\t<div class=\"elementor-widget-container\">\n\t\t\t\t\t<div class=\"elementor-spacer\">\n\t\t\t<div class=\"elementor-spacer-inner\"><\/div>\n\t\t<\/div>\n\t\t\t\t<\/div>\n\t\t\t\t<\/div>\n\t\t\t\t\t<\/div>\n\t\t<\/div>\n\t\t\t\t\t<\/div>\n\t\t<\/section>\n\t\t\t\t<section class=\"elementor-section elementor-top-section elementor-element elementor-element-619ffea elementor-section-boxed elementor-section-height-default elementor-section-height-default\" data-id=\"619ffea\" data-element_type=\"section\" data-settings=\"{&quot;_ha_eqh_enable&quot;:false}\">\n\t\t\t\t\t\t<div class=\"elementor-container elementor-column-gap-default\">\n\t\t\t\t\t<div class=\"elementor-column elementor-col-100 elementor-top-column elementor-element elementor-element-7cd6216\" data-id=\"7cd6216\" data-element_type=\"column\">\n\t\t\t<div class=\"elementor-widget-wrap elementor-element-populated\">\n\t\t\t\t\t\t<div class=\"elementor-element elementor-element-9e5165a elementor-widget elementor-widget-heading\" data-id=\"9e5165a\" data-element_type=\"widget\" data-widget_type=\"heading.default\">\n\t\t\t\t<div class=\"elementor-widget-container\">\n\t\t\t<h2 class=\"elementor-heading-title elementor-size-default elementor-heading-title elementor-align-after-center\">Gebraucht, Repariert oder \u00dcberholt<\/h2>\t\t<\/div>\n\t\t\t\t<\/div>\n\t\t\t\t\t<\/div>\n\t\t<\/div>\n\t\t\t\t\t<\/div>\n\t\t<\/section>\n\t\t\t\t<section class=\"elementor-section elementor-top-section elementor-element elementor-element-c60c9ed elementor-section-boxed elementor-section-height-default elementor-section-height-default\" data-id=\"c60c9ed\" data-element_type=\"section\" data-settings=\"{&quot;_ha_eqh_enable&quot;:false}\">\n\t\t\t\t\t\t<div class=\"elementor-container elementor-column-gap-default\">\n\t\t\t\t\t<div class=\"elementor-column elementor-col-100 elementor-top-column elementor-element elementor-element-353bd0d\" data-id=\"353bd0d\" data-element_type=\"column\">\n\t\t\t<div class=\"elementor-widget-wrap elementor-element-populated\">\n\t\t\t\t\t\t<div class=\"elementor-element elementor-element-30c792d elementor-widget elementor-widget-text-editor\" data-id=\"30c792d\" data-element_type=\"widget\" data-widget_type=\"text-editor.default\">\n\t\t\t\t<div class=\"elementor-widget-container\">\n\t\t\t\t\t\t\t<p>Auf einer Lagerfl\u00e4che von ca. 2000 m\u00b2 haben wir st\u00e4ndig eine Vielzahl an Gebrauchtmaschinen vorr\u00e4tig. Wir legen gro\u00dfen Wert darauf, die spezifischen Bed\u00fcrfnisse unserer Kunden zu verstehen und ma\u00dfgeschneiderte L\u00f6sungen zu entwickeln. Deshalb bieten wir unsere Gebrauchtmaschinen je nach Budget in verschiedenen Zust\u00e4nden an \u2013 gebraucht, repariert oder general\u00fcberholt. Letztere stellen durch die Integration modernster Steuerungstechnik eine attraktive Alternative zu Neumaschinen dar.<\/p>\n<p>Dank unserer langj\u00e4hrigen Erfahrung kennen wir die St\u00e4rken und Schw\u00e4chen der verschiedenen Hersteller und k\u00f6nnen unseren Kunden fundierte Empfehlungen geben. Unser Schwerpunkt liegt dabei auf deutschen Herstellern wie <em><strong>Kupferm\u00fchle, REX, GreCon, Dimter, SMB<\/strong><\/em> und vielen anderen.<\/p>\n<p>Einen gro\u00dfen Teil unseres aktuellen Angebots an Gebrauchtmaschinen finden Sie auf unserer neuen Shop-Seite. Klicken Sie auf den nachfolgenden Button um zu unserer Shop-Seite zu gelangen.<\/p>\n<p>Bitte beachten Sie, dass sich die Seite derzeit noch im Aufbau befindet. Sollten Sie Ihre Wunschmaschine nicht finden oder eine bestehende Maschine oder Fertigungsanlage verkaufen wollen, rufen Sie uns einfach an oder senden Sie uns eine E-Mail.<\/p>\t\t\t\t\t\t<\/div>\n\t\t\t\t<\/div>\n\t\t\t\t\t<\/div>\n\t\t<\/div>\n\t\t\t\t\t<\/div>\n\t\t<\/section>\n\t\t\t\t<section class=\"elementor-section elementor-top-section elementor-element elementor-element-2eb0184 elementor-section-boxed elementor-section-height-default elementor-section-height-default\" data-id=\"2eb0184\" data-element_type=\"section\" data-settings=\"{&quot;_ha_eqh_enable&quot;:false}\">\n\t\t\t\t\t\t<div class=\"elementor-container elementor-column-gap-default\">\n\t\t\t\t\t<div class=\"elementor-column elementor-col-100 elementor-top-column elementor-element elementor-element-1b129f4\" data-id=\"1b129f4\" data-element_type=\"column\">\n\t\t\t<div class=\"elementor-widget-wrap elementor-element-populated\">\n\t\t\t\t\t\t<div class=\"elementor-element elementor-element-69a78ec elementor-button-danger elementor-align-center elementor-widget elementor-widget-button\" data-id=\"69a78ec\" data-element_type=\"widget\" data-widget_type=\"button.default\">\n\t\t\t\t<div class=\"elementor-widget-container\">\n\t\t\t\t\t<div class=\"elementor-button-wrapper\">\n\t\t\t<a class=\"elementor-button elementor-button-link elementor-size-sm\" href=\"https:\/\/joema-shop.de\/\" target=\"_blank\">\n\t\t\t\t\t\t<span class=\"elementor-button-content-wrapper\">\n\t\t\t\t\t\t\t\t\t<span class=\"elementor-button-text\">zur Shop-Seite<\/span>\n\t\t\t\t\t<\/span>\n\t\t\t\t\t<\/a>\n\t\t<\/div>\n\t\t\t\t<\/div>\n\t\t\t\t<\/div>\n\t\t\t\t\t<\/div>\n\t\t<\/div>\n\t\t\t\t\t<\/div>\n\t\t<\/section>\n\t\t\t\t<section class=\"elementor-section elementor-top-section elementor-element elementor-element-91b3177 elementor-section-boxed elementor-section-height-default elementor-section-height-default\" data-id=\"91b3177\" data-element_type=\"section\" data-settings=\"{&quot;_ha_eqh_enable&quot;:false}\">\n\t\t\t\t\t\t<div class=\"elementor-container elementor-column-gap-default\">\n\t\t\t\t\t<div class=\"elementor-column elementor-col-100 elementor-top-column elementor-element elementor-element-c711fb0\" data-id=\"c711fb0\" data-element_type=\"column\">\n\t\t\t<div class=\"elementor-widget-wrap elementor-element-populated\">\n\t\t\t\t\t\t<div class=\"elementor-element elementor-element-0648470 elementor-widget elementor-widget-spacer\" data-id=\"0648470\" data-element_type=\"widget\" data-widget_type=\"spacer.default\">\n\t\t\t\t<div class=\"elementor-widget-container\">\n\t\t\t\t\t<div class=\"elementor-spacer\">\n\t\t\t<div class=\"elementor-spacer-inner\"><\/div>\n\t\t<\/div>\n\t\t\t\t<\/div>\n\t\t\t\t<\/div>\n\t\t\t\t\t<\/div>\n\t\t<\/div>\n\t\t\t\t\t<\/div>\n\t\t<\/section>\n\t\t\t\t<section class=\"elementor-section elementor-top-section elementor-element elementor-element-9515be4 elementor-section-boxed elementor-section-height-default elementor-section-height-default\" data-id=\"9515be4\" data-element_type=\"section\" data-settings=\"{&quot;_ha_eqh_enable&quot;:false}\">\n\t\t\t\t\t\t<div class=\"elementor-container elementor-column-gap-default\">\n\t\t\t\t\t<div class=\"elementor-column elementor-col-100 elementor-top-column elementor-element elementor-element-24ff3ea\" data-id=\"24ff3ea\" data-element_type=\"column\">\n\t\t\t<div class=\"elementor-widget-wrap elementor-element-populated\">\n\t\t\t\t\t\t<div class=\"elementor-element elementor-element-6898764 elementor-widget elementor-widget-heading\" data-id=\"6898764\" data-element_type=\"widget\" data-widget_type=\"heading.default\">\n\t\t\t\t<div class=\"elementor-widget-container\">\n\t\t\t<h2 class=\"elementor-heading-title elementor-size-default elementor-heading-title elementor-align-after-center\">Referenzen<\/h2>\t\t<\/div>\n\t\t\t\t<\/div>\n\t\t\t\t\t<\/div>\n\t\t<\/div>\n\t\t\t\t\t<\/div>\n\t\t<\/section>\n\t\t\t\t<section class=\"elementor-section elementor-top-section elementor-element elementor-element-250e51d elementor-section-boxed elementor-section-height-default elementor-section-height-default\" data-id=\"250e51d\" data-element_type=\"section\" data-settings=\"{&quot;_ha_eqh_enable&quot;:false}\">\n\t\t\t\t\t\t<div class=\"elementor-container elementor-column-gap-default\">\n\t\t\t\t\t<div class=\"elementor-column elementor-col-50 elementor-top-column elementor-element elementor-element-07007d1\" data-id=\"07007d1\" data-element_type=\"column\">\n\t\t\t<div class=\"elementor-widget-wrap elementor-element-populated\">\n\t\t\t\t\t\t<div class=\"elementor-element elementor-element-9ff98f7 elementor-widget elementor-widget-image\" data-id=\"9ff98f7\" data-element_type=\"widget\" data-widget_type=\"image.default\">\n\t\t\t\t<div class=\"elementor-widget-container\">\n\t\t\t\t\t\t\t\t\t\t\t\t\t<img fetchpriority=\"high\" decoding=\"async\" width=\"900\" height=\"900\" src=\"https:\/\/joema.de\/wp-content\/uploads\/2024\/08\/doku-IMG_8741-3.jpg\" class=\"attachment-large size-large wp-image-5252\" alt=\"\" srcset=\"https:\/\/joema.de\/wp-content\/uploads\/2024\/08\/doku-IMG_8741-3.jpg 900w, https:\/\/joema.de\/wp-content\/uploads\/2024\/08\/doku-IMG_8741-3-300x300.jpg 300w, https:\/\/joema.de\/wp-content\/uploads\/2024\/08\/doku-IMG_8741-3-150x150.jpg 150w, https:\/\/joema.de\/wp-content\/uploads\/2024\/08\/doku-IMG_8741-3-768x768.jpg 768w, https:\/\/joema.de\/wp-content\/uploads\/2024\/08\/doku-IMG_8741-3-285x285.jpg 285w, https:\/\/joema.de\/wp-content\/uploads\/2024\/08\/doku-IMG_8741-3-270x270.jpg 270w, https:\/\/joema.de\/wp-content\/uploads\/2024\/08\/doku-IMG_8741-3-540x540.jpg 540w, https:\/\/joema.de\/wp-content\/uploads\/2024\/08\/doku-IMG_8741-3-660x660.jpg 660w\" sizes=\"(max-width: 900px) 100vw, 900px\" \/>\t\t\t\t\t\t\t\t\t\t\t\t\t<\/div>\n\t\t\t\t<\/div>\n\t\t\t\t<div class=\"elementor-element elementor-element-38ede34 elementor-widget elementor-widget-text-editor\" data-id=\"38ede34\" data-element_type=\"widget\" data-widget_type=\"text-editor.default\">\n\t\t\t\t<div class=\"elementor-widget-container\">\n\t\t\t\t\t\t\t<p><em>Hobelmaschine Kupferm\u00fchle <\/em><em>KH30 (120 m\/min)<\/em><\/p>\t\t\t\t\t\t<\/div>\n\t\t\t\t<\/div>\n\t\t\t\t\t<\/div>\n\t\t<\/div>\n\t\t\t\t<div class=\"elementor-column elementor-col-50 elementor-top-column elementor-element elementor-element-523483e\" data-id=\"523483e\" data-element_type=\"column\">\n\t\t\t<div class=\"elementor-widget-wrap elementor-element-populated\">\n\t\t\t\t\t\t<div class=\"elementor-element elementor-element-66b8901 elementor-widget elementor-widget-image\" data-id=\"66b8901\" data-element_type=\"widget\" data-widget_type=\"image.default\">\n\t\t\t\t<div class=\"elementor-widget-container\">\n\t\t\t\t\t\t\t\t\t\t\t\t\t<img decoding=\"async\" width=\"900\" height=\"900\" src=\"https:\/\/joema.de\/wp-content\/uploads\/2024\/08\/Kappsaege-DIMTER.jpg\" class=\"attachment-large size-large wp-image-5254\" alt=\"\" srcset=\"https:\/\/joema.de\/wp-content\/uploads\/2024\/08\/Kappsaege-DIMTER.jpg 900w, https:\/\/joema.de\/wp-content\/uploads\/2024\/08\/Kappsaege-DIMTER-300x300.jpg 300w, https:\/\/joema.de\/wp-content\/uploads\/2024\/08\/Kappsaege-DIMTER-150x150.jpg 150w, https:\/\/joema.de\/wp-content\/uploads\/2024\/08\/Kappsaege-DIMTER-768x768.jpg 768w, https:\/\/joema.de\/wp-content\/uploads\/2024\/08\/Kappsaege-DIMTER-285x285.jpg 285w, https:\/\/joema.de\/wp-content\/uploads\/2024\/08\/Kappsaege-DIMTER-270x270.jpg 270w, https:\/\/joema.de\/wp-content\/uploads\/2024\/08\/Kappsaege-DIMTER-540x540.jpg 540w, https:\/\/joema.de\/wp-content\/uploads\/2024\/08\/Kappsaege-DIMTER-660x660.jpg 660w\" sizes=\"(max-width: 900px) 100vw, 900px\" \/>\t\t\t\t\t\t\t\t\t\t\t\t\t<\/div>\n\t\t\t\t<\/div>\n\t\t\t\t<div class=\"elementor-element elementor-element-13a8d51 elementor-widget elementor-widget-text-editor\" data-id=\"13a8d51\" data-element_type=\"widget\" data-widget_type=\"text-editor.default\">\n\t\t\t\t<div class=\"elementor-widget-container\">\n\t\t\t\t\t\t\t<p><em>Kappautomat DIMTER AKS 510 R<\/em><\/p>\t\t\t\t\t\t<\/div>\n\t\t\t\t<\/div>\n\t\t\t\t\t<\/div>\n\t\t<\/div>\n\t\t\t\t\t<\/div>\n\t\t<\/section>\n\t\t\t\t<section class=\"elementor-section elementor-top-section elementor-element elementor-element-2a24a6e elementor-section-boxed elementor-section-height-default elementor-section-height-default\" data-id=\"2a24a6e\" data-element_type=\"section\" data-settings=\"{&quot;_ha_eqh_enable&quot;:false}\">\n\t\t\t\t\t\t<div class=\"elementor-container elementor-column-gap-default\">\n\t\t\t\t\t<div class=\"elementor-column elementor-col-50 elementor-top-column elementor-element elementor-element-0efb5f1\" data-id=\"0efb5f1\" data-element_type=\"column\">\n\t\t\t<div class=\"elementor-widget-wrap elementor-element-populated\">\n\t\t\t\t\t\t<div class=\"elementor-element elementor-element-e3c6cd8 elementor-widget elementor-widget-image\" data-id=\"e3c6cd8\" data-element_type=\"widget\" data-widget_type=\"image.default\">\n\t\t\t\t<div class=\"elementor-widget-container\">\n\t\t\t\t\t\t\t\t\t\t\t\t\t<img decoding=\"async\" width=\"800\" height=\"600\" src=\"https:\/\/joema.de\/wp-content\/uploads\/2024\/08\/Hobelmaschine-REX-HOMS-1100-2.jpg\" class=\"attachment-full size-full wp-image-5248\" alt=\"\" srcset=\"https:\/\/joema.de\/wp-content\/uploads\/2024\/08\/Hobelmaschine-REX-HOMS-1100-2.jpg 800w, https:\/\/joema.de\/wp-content\/uploads\/2024\/08\/Hobelmaschine-REX-HOMS-1100-2-300x225.jpg 300w, https:\/\/joema.de\/wp-content\/uploads\/2024\/08\/Hobelmaschine-REX-HOMS-1100-2-768x576.jpg 768w, https:\/\/joema.de\/wp-content\/uploads\/2024\/08\/Hobelmaschine-REX-HOMS-1100-2-285x214.jpg 285w, https:\/\/joema.de\/wp-content\/uploads\/2024\/08\/Hobelmaschine-REX-HOMS-1100-2-660x495.jpg 660w, https:\/\/joema.de\/wp-content\/uploads\/2024\/08\/Hobelmaschine-REX-HOMS-1100-2-150x113.jpg 150w\" sizes=\"(max-width: 800px) 100vw, 800px\" \/>\t\t\t\t\t\t\t\t\t\t\t\t\t<\/div>\n\t\t\t\t<\/div>\n\t\t\t\t<div class=\"elementor-element elementor-element-84f932d elementor-widget elementor-widget-text-editor\" data-id=\"84f932d\" data-element_type=\"widget\" data-widget_type=\"text-editor.default\">\n\t\t\t\t<div class=\"elementor-widget-container\">\n\t\t\t\t\t\t\t<p><em>Breit-Hobelmaschine REX HOMS 1100<\/em><br><\/p>\t\t\t\t\t\t<\/div>\n\t\t\t\t<\/div>\n\t\t\t\t\t<\/div>\n\t\t<\/div>\n\t\t\t\t<div class=\"elementor-column elementor-col-50 elementor-top-column elementor-element elementor-element-29bc229\" data-id=\"29bc229\" data-element_type=\"column\">\n\t\t\t<div class=\"elementor-widget-wrap elementor-element-populated\">\n\t\t\t\t\t\t<div class=\"elementor-element elementor-element-749503b elementor-widget elementor-widget-image\" data-id=\"749503b\" data-element_type=\"widget\" data-widget_type=\"image.default\">\n\t\t\t\t<div class=\"elementor-widget-container\">\n\t\t\t\t\t\t\t\t\t\t\t\t\t<img loading=\"lazy\" decoding=\"async\" width=\"800\" height=\"600\" src=\"https:\/\/joema.de\/wp-content\/uploads\/2024\/08\/Fraesautomat-HK400-2.jpg\" class=\"attachment-full size-full wp-image-5250\" alt=\"\" srcset=\"https:\/\/joema.de\/wp-content\/uploads\/2024\/08\/Fraesautomat-HK400-2.jpg 800w, https:\/\/joema.de\/wp-content\/uploads\/2024\/08\/Fraesautomat-HK400-2-300x225.jpg 300w, https:\/\/joema.de\/wp-content\/uploads\/2024\/08\/Fraesautomat-HK400-2-768x576.jpg 768w, https:\/\/joema.de\/wp-content\/uploads\/2024\/08\/Fraesautomat-HK400-2-285x214.jpg 285w, https:\/\/joema.de\/wp-content\/uploads\/2024\/08\/Fraesautomat-HK400-2-660x495.jpg 660w, https:\/\/joema.de\/wp-content\/uploads\/2024\/08\/Fraesautomat-HK400-2-150x113.jpg 150w\" sizes=\"(max-width: 800px) 100vw, 800px\" \/>\t\t\t\t\t\t\t\t\t\t\t\t\t<\/div>\n\t\t\t\t<\/div>\n\t\t\t\t<div class=\"elementor-element elementor-element-c0ea2d3 elementor-widget elementor-widget-text-editor\" data-id=\"c0ea2d3\" data-element_type=\"widget\" data-widget_type=\"text-editor.default\">\n\t\t\t\t<div class=\"elementor-widget-container\">\n\t\t\t\t\t\t\t<p><em>Fr\u00e4sautomat DIMTER HK400<\/em><\/p>\t\t\t\t\t\t<\/div>\n\t\t\t\t<\/div>\n\t\t\t\t\t<\/div>\n\t\t<\/div>\n\t\t\t\t\t<\/div>\n\t\t<\/section>\n\t\t\t\t<section class=\"elementor-section elementor-top-section elementor-element elementor-element-06f4d3e elementor-section-boxed elementor-section-height-default elementor-section-height-default\" data-id=\"06f4d3e\" data-element_type=\"section\" data-settings=\"{&quot;_ha_eqh_enable&quot;:false}\">\n\t\t\t\t\t\t<div class=\"elementor-container elementor-column-gap-default\">\n\t\t\t\t\t<div class=\"elementor-column elementor-col-50 elementor-top-column elementor-element elementor-element-7721fc8\" data-id=\"7721fc8\" data-element_type=\"column\">\n\t\t\t<div class=\"elementor-widget-wrap elementor-element-populated\">\n\t\t\t\t\t\t<div class=\"elementor-element elementor-element-3614bc8 elementor-widget elementor-widget-image\" data-id=\"3614bc8\" data-element_type=\"widget\" data-widget_type=\"image.default\">\n\t\t\t\t<div class=\"elementor-widget-container\">\n\t\t\t\t\t\t\t\t\t\t\t\t\t<img loading=\"lazy\" decoding=\"async\" width=\"800\" height=\"600\" src=\"https:\/\/joema.de\/wp-content\/uploads\/2024\/08\/Keilzinkpresse-SMB-30.jpg\" class=\"attachment-large size-large wp-image-5282\" alt=\"\" srcset=\"https:\/\/joema.de\/wp-content\/uploads\/2024\/08\/Keilzinkpresse-SMB-30.jpg 800w, https:\/\/joema.de\/wp-content\/uploads\/2024\/08\/Keilzinkpresse-SMB-30-300x225.jpg 300w, https:\/\/joema.de\/wp-content\/uploads\/2024\/08\/Keilzinkpresse-SMB-30-768x576.jpg 768w, https:\/\/joema.de\/wp-content\/uploads\/2024\/08\/Keilzinkpresse-SMB-30-285x214.jpg 285w, https:\/\/joema.de\/wp-content\/uploads\/2024\/08\/Keilzinkpresse-SMB-30-660x495.jpg 660w, https:\/\/joema.de\/wp-content\/uploads\/2024\/08\/Keilzinkpresse-SMB-30-150x113.jpg 150w\" sizes=\"(max-width: 800px) 100vw, 800px\" \/>\t\t\t\t\t\t\t\t\t\t\t\t\t<\/div>\n\t\t\t\t<\/div>\n\t\t\t\t<div class=\"elementor-element elementor-element-a23bf9c elementor-widget elementor-widget-text-editor\" data-id=\"a23bf9c\" data-element_type=\"widget\" data-widget_type=\"text-editor.default\">\n\t\t\t\t<div class=\"elementor-widget-container\">\n\t\t\t\t\t\t\t<p><em>Keilzinkpresse SMB 30 t<\/em><\/p>\t\t\t\t\t\t<\/div>\n\t\t\t\t<\/div>\n\t\t\t\t\t<\/div>\n\t\t<\/div>\n\t\t\t\t<div class=\"elementor-column elementor-col-50 elementor-top-column elementor-element elementor-element-40ae5fa\" data-id=\"40ae5fa\" data-element_type=\"column\">\n\t\t\t<div class=\"elementor-widget-wrap elementor-element-populated\">\n\t\t\t\t\t\t<div class=\"elementor-element elementor-element-fc37d83 elementor-widget elementor-widget-image\" data-id=\"fc37d83\" data-element_type=\"widget\" data-widget_type=\"image.default\">\n\t\t\t\t<div class=\"elementor-widget-container\">\n\t\t\t\t\t\t\t\t\t\t\t\t\t<img loading=\"lazy\" decoding=\"async\" width=\"800\" height=\"600\" src=\"https:\/\/joema.de\/wp-content\/uploads\/2024\/08\/20231205_113730.jpg\" class=\"attachment-large size-large wp-image-5280\" alt=\"\" srcset=\"https:\/\/joema.de\/wp-content\/uploads\/2024\/08\/20231205_113730.jpg 800w, https:\/\/joema.de\/wp-content\/uploads\/2024\/08\/20231205_113730-300x225.jpg 300w, https:\/\/joema.de\/wp-content\/uploads\/2024\/08\/20231205_113730-768x576.jpg 768w, https:\/\/joema.de\/wp-content\/uploads\/2024\/08\/20231205_113730-285x214.jpg 285w, https:\/\/joema.de\/wp-content\/uploads\/2024\/08\/20231205_113730-660x495.jpg 660w, https:\/\/joema.de\/wp-content\/uploads\/2024\/08\/20231205_113730-150x113.jpg 150w\" sizes=\"(max-width: 800px) 100vw, 800px\" \/>\t\t\t\t\t\t\t\t\t\t\t\t\t<\/div>\n\t\t\t\t<\/div>\n\t\t\t\t<div class=\"elementor-element elementor-element-d3ee04d elementor-widget elementor-widget-text-editor\" data-id=\"d3ee04d\" data-element_type=\"widget\" data-widget_type=\"text-editor.default\">\n\t\t\t\t<div class=\"elementor-widget-container\">\n\t\t\t\t\t\t\t<p><em>Keilzinkpresse SMB 30 t<\/em><\/p>\t\t\t\t\t\t<\/div>\n\t\t\t\t<\/div>\n\t\t\t\t\t<\/div>\n\t\t<\/div>\n\t\t\t\t\t<\/div>\n\t\t<\/section>\n\t\t\t\t<\/div>\n\t\t","protected":false},"excerpt":{"rendered":"<p>Gebrauchtmaschinen Gebraucht-maschinen Gebraucht, Repariert oder \u00dcberholt Auf einer Lagerfl\u00e4che von ca. 2000 m\u00b2 haben wir st\u00e4ndig eine Vielzahl&#8230;<\/p>\n","protected":false},"author":1,"featured_media":0,"parent":0,"menu_order":0,"comment_status":"closed","ping_status":"closed","template":"elementor_canvas","meta":{"footnotes":""},"class_list":["post-5272","page","type-page","status-publish","hentry"],"_links":{"self":[{"href":"https:\/\/joema.de\/index.php?rest_route=\/wp\/v2\/pages\/5272"}],"collection":[{"href":"https:\/\/joema.de\/index.php?rest_route=\/wp\/v2\/pages"}],"about":[{"href":"https:\/\/joema.de\/index.php?rest_route=\/wp\/v2\/types\/page"}],"author":[{"embeddable":true,"href":"https:\/\/joema.de\/index.php?rest_route=\/wp\/v2\/users\/1"}],"replies":[{"embeddable":true,"href":"https:\/\/joema.de\/index.php?rest_route=%2Fwp%2Fv2%2Fcomments&post=5272"}],"version-history":[{"count":10,"href":"https:\/\/joema.de\/index.php?rest_route=\/wp\/v2\/pages\/5272\/revisions"}],"predecessor-version":[{"id":5475,"href":"https:\/\/joema.de\/index.php?rest_route=\/wp\/v2\/pages\/5272\/revisions\/5475"}],"wp:attachment":[{"href":"https:\/\/joema.de\/index.php?rest_route=%2Fwp%2Fv2%2Fmedia&parent=5272"}],"curies":[{"name":"wp","href":"https:\/\/api.w.org\/{rel}","templated":true}]}}