{"id":346,"date":"2018-07-28T16:07:17","date_gmt":"2018-07-28T14:07:17","guid":{"rendered":"https:\/\/manufacturer.stylemixthemes.com\/?page_id=346"},"modified":"2026-05-05T10:32:39","modified_gmt":"2026-05-05T08:32:39","slug":"about-us","status":"publish","type":"page","link":"https:\/\/joema.de\/?page_id=346","title":{"rendered":"Karriere"},"content":{"rendered":"\t\t<div data-elementor-type=\"wp-post\" data-elementor-id=\"346\" class=\"elementor elementor-346\" data-elementor-settings=\"{&quot;ha_cmc_init_switcher&quot;:&quot;no&quot;}\">\n\t\t\t\t\t\t<section class=\"elementor-section elementor-top-section elementor-element elementor-element-10b3474 elementor-section-boxed elementor-section-height-default elementor-section-height-default\" data-id=\"10b3474\" data-element_type=\"section\" data-settings=\"{&quot;_ha_eqh_enable&quot;:false}\">\n\t\t\t\t\t\t<div class=\"elementor-container elementor-column-gap-default\">\n\t\t\t\t\t<div class=\"elementor-column elementor-col-50 elementor-top-column elementor-element elementor-element-9f7d21a elementor-invisible\" data-id=\"9f7d21a\" data-element_type=\"column\" data-settings=\"{&quot;animation&quot;:&quot;fadeIn&quot;}\">\n\t\t\t<div class=\"elementor-widget-wrap elementor-element-populated\">\n\t\t\t\t\t\t<div class=\"elementor-element elementor-element-be5f56b elementor-widget elementor-widget-image\" data-id=\"be5f56b\" data-element_type=\"widget\" data-widget_type=\"image.default\">\n\t\t\t\t<div class=\"elementor-widget-container\">\n\t\t\t\t\t\t\t\t\t\t\t\t\t<img fetchpriority=\"high\" decoding=\"async\" width=\"940\" height=\"627\" src=\"https:\/\/joema.de\/wp-content\/uploads\/2021\/01\/Karriere-1-1-1024x683.jpeg\" class=\"attachment-large size-large wp-image-2808\" alt=\"\" srcset=\"https:\/\/joema.de\/wp-content\/uploads\/2021\/01\/Karriere-1-1-1024x683.jpeg 1024w, https:\/\/joema.de\/wp-content\/uploads\/2021\/01\/Karriere-1-1-300x200.jpeg 300w, https:\/\/joema.de\/wp-content\/uploads\/2021\/01\/Karriere-1-1-768x512.jpeg 768w, https:\/\/joema.de\/wp-content\/uploads\/2021\/01\/Karriere-1-1-1536x1024.jpeg 1536w, https:\/\/joema.de\/wp-content\/uploads\/2021\/01\/Karriere-1-1-2048x1365.jpeg 2048w, https:\/\/joema.de\/wp-content\/uploads\/2021\/01\/Karriere-1-1-285x190.jpeg 285w, https:\/\/joema.de\/wp-content\/uploads\/2021\/01\/Karriere-1-1-1600x1067.jpeg 1600w, https:\/\/joema.de\/wp-content\/uploads\/2021\/01\/Karriere-1-1-660x440.jpeg 660w, https:\/\/joema.de\/wp-content\/uploads\/2021\/01\/Karriere-1-1-150x100.jpeg 150w\" sizes=\"(max-width: 940px) 100vw, 940px\" \/>\t\t\t\t\t\t\t\t\t\t\t\t\t<\/div>\n\t\t\t\t<\/div>\n\t\t\t\t\t<\/div>\n\t\t<\/div>\n\t\t\t\t<div class=\"elementor-column elementor-col-50 elementor-top-column elementor-element elementor-element-988c61c elementor-invisible\" data-id=\"988c61c\" data-element_type=\"column\" data-settings=\"{&quot;animation&quot;:&quot;fadeIn&quot;,&quot;animation_delay&quot;:200}\">\n\t\t\t<div class=\"elementor-widget-wrap elementor-element-populated\">\n\t\t\t\t\t\t<div class=\"elementor-element elementor-element-7b75cff elementor-widget elementor-widget-heading\" data-id=\"7b75cff\" data-element_type=\"widget\" data-widget_type=\"heading.default\">\n\t\t\t\t<div class=\"elementor-widget-container\">\n\t\t\t<h2 class=\"elementor-heading-title elementor-size-default elementor-heading-title elementor-align-after-left elementor-align-after-mobile-center elementor-align-after-tablet-left\">Arbeiten bei uns <\/h2>\t\t<\/div>\n\t\t\t\t<\/div>\n\t\t\t\t<div class=\"elementor-element elementor-element-9cdd897 elementor-widget elementor-widget-text-editor\" data-id=\"9cdd897\" data-element_type=\"widget\" data-widget_type=\"text-editor.default\">\n\t\t\t\t<div class=\"elementor-widget-container\">\n\t\t\t\t\t\t\t<div class=\"x-text\"><p style=\"text-align: left;\"><a style=\"caret-color: #000000; color: #000000; font-family: Verdana, Arial, Helvetica, Geneva, Swiss, SunSans-Regular; font-size: 13.333333015441895px; text-align: justify;\" name=\"stellenangebote\"><\/a><span style=\"font-family: Helvetica; font-size: large;\">Als Kleinunternehmen mit langj\u00e4hriger Erfahrung in der internationalen Holzbearbeitungsmaschinenbranche sind wir stets auf der Suche nach engagierten Mitarbeitern. Aufgrund unserer Gr\u00f6\u00dfe hast Du die Chance,\u00a0<\/span><span style=\"font-family: Helvetica; font-size: large;\">deinen Arbeitsalltag abwechslungsreich zu gestalten. Dar\u00fcber hinaus bieten wir Dir<\/span><span style=\"font-family: Helvetica; font-size: large;\">\u00a0flexible Arbeitszeiten und eine deiner Leistung angemessene Bezahlung.\u00a0<\/span><\/p><\/div>\t\t\t\t\t\t<\/div>\n\t\t\t\t<\/div>\n\t\t\t\t\t<\/div>\n\t\t<\/div>\n\t\t\t\t\t<\/div>\n\t\t<\/section>\n\t\t\t\t<section class=\"elementor-section elementor-top-section elementor-element elementor-element-f337acf elementor-section-boxed elementor-section-height-default elementor-section-height-default\" data-id=\"f337acf\" data-element_type=\"section\" data-settings=\"{&quot;_ha_eqh_enable&quot;:false}\">\n\t\t\t\t\t\t<div class=\"elementor-container elementor-column-gap-default\">\n\t\t\t\t\t<div class=\"elementor-column elementor-col-50 elementor-top-column elementor-element elementor-element-763b071\" data-id=\"763b071\" data-element_type=\"column\">\n\t\t\t<div class=\"elementor-widget-wrap elementor-element-populated\">\n\t\t\t\t\t\t<div class=\"elementor-element elementor-element-e1c3e73 elementor-widget elementor-widget-heading\" data-id=\"e1c3e73\" data-element_type=\"widget\" data-widget_type=\"heading.default\">\n\t\t\t\t<div class=\"elementor-widget-container\">\n\t\t\t<h2 class=\"elementor-heading-title elementor-size-default elementor-heading-title elementor-align-after-left elementor-align-after-mobile-center elementor-align-after-tablet-left\">Werde Teil eines neuen Teams<\/h2>\t\t<\/div>\n\t\t\t\t<\/div>\n\t\t\t\t<div class=\"elementor-element elementor-element-8d079f2 elementor-widget elementor-widget-text-editor\" data-id=\"8d079f2\" data-element_type=\"widget\" data-widget_type=\"text-editor.default\">\n\t\t\t\t<div class=\"elementor-widget-container\">\n\t\t\t\t\t\t\t<p>Nachdem wir unsere zwei langj\u00e4hrigen Mitarbeiter nach knapp 30 Jahren in den Ruhestand verabschieden mussten, suchen wir Verst\u00e4rkung f\u00fcr den Aufbau eines neuen Teams. Aufgrund unserer vielf\u00e4ltigen Aufgaben freuen wir uns \u00fcber unterschiedliche St\u00e4rken und Interessen.&nbsp;<\/p>\t\t\t\t\t\t<\/div>\n\t\t\t\t<\/div>\n\t\t\t\t\t<\/div>\n\t\t<\/div>\n\t\t\t\t<div class=\"elementor-column elementor-col-50 elementor-top-column elementor-element elementor-element-0997181\" data-id=\"0997181\" data-element_type=\"column\">\n\t\t\t<div class=\"elementor-widget-wrap elementor-element-populated\">\n\t\t\t\t\t\t<div class=\"elementor-element elementor-element-3432274 elementor-widget elementor-widget-image\" data-id=\"3432274\" data-element_type=\"widget\" data-widget_type=\"image.default\">\n\t\t\t\t<div class=\"elementor-widget-container\">\n\t\t\t\t\t\t\t\t\t\t\t\t\t<img decoding=\"async\" width=\"940\" height=\"626\" src=\"https:\/\/joema.de\/wp-content\/uploads\/2021\/01\/Karriere-1-2-1024x682.jpeg\" class=\"attachment-large size-large wp-image-2809\" alt=\"\" srcset=\"https:\/\/joema.de\/wp-content\/uploads\/2021\/01\/Karriere-1-2-1024x682.jpeg 1024w, https:\/\/joema.de\/wp-content\/uploads\/2021\/01\/Karriere-1-2-300x200.jpeg 300w, https:\/\/joema.de\/wp-content\/uploads\/2021\/01\/Karriere-1-2-768x512.jpeg 768w, https:\/\/joema.de\/wp-content\/uploads\/2021\/01\/Karriere-1-2-285x190.jpeg 285w, https:\/\/joema.de\/wp-content\/uploads\/2021\/01\/Karriere-1-2-660x440.jpeg 660w, https:\/\/joema.de\/wp-content\/uploads\/2021\/01\/Karriere-1-2-150x100.jpeg 150w, https:\/\/joema.de\/wp-content\/uploads\/2021\/01\/Karriere-1-2.jpeg 1208w\" sizes=\"(max-width: 940px) 100vw, 940px\" \/>\t\t\t\t\t\t\t\t\t\t\t\t\t<\/div>\n\t\t\t\t<\/div>\n\t\t\t\t\t<\/div>\n\t\t<\/div>\n\t\t\t\t\t<\/div>\n\t\t<\/section>\n\t\t\t\t<section class=\"elementor-section elementor-top-section elementor-element elementor-element-6183481 elementor-section-boxed elementor-section-height-default elementor-section-height-default\" data-id=\"6183481\" data-element_type=\"section\" data-settings=\"{&quot;_ha_eqh_enable&quot;:false}\">\n\t\t\t\t\t\t<div class=\"elementor-container elementor-column-gap-default\">\n\t\t\t\t\t<div class=\"elementor-column elementor-col-100 elementor-top-column elementor-element elementor-element-fbcb6b6\" data-id=\"fbcb6b6\" data-element_type=\"column\">\n\t\t\t<div class=\"elementor-widget-wrap elementor-element-populated\">\n\t\t\t\t\t\t<div class=\"elementor-element elementor-element-a5f7a72 elementor-widget elementor-widget-spacer\" data-id=\"a5f7a72\" data-element_type=\"widget\" data-widget_type=\"spacer.default\">\n\t\t\t\t<div class=\"elementor-widget-container\">\n\t\t\t\t\t<div class=\"elementor-spacer\">\n\t\t\t<div class=\"elementor-spacer-inner\"><\/div>\n\t\t<\/div>\n\t\t\t\t<\/div>\n\t\t\t\t<\/div>\n\t\t\t\t\t<\/div>\n\t\t<\/div>\n\t\t\t\t\t<\/div>\n\t\t<\/section>\n\t\t\t\t<section class=\"elementor-section elementor-top-section elementor-element elementor-element-fbd7258 elementor-section-boxed elementor-section-height-default elementor-section-height-default\" data-id=\"fbd7258\" data-element_type=\"section\" data-settings=\"{&quot;_ha_eqh_enable&quot;:false}\">\n\t\t\t\t\t\t<div class=\"elementor-container elementor-column-gap-default\">\n\t\t\t\t\t<div class=\"elementor-column elementor-col-100 elementor-top-column elementor-element elementor-element-a050170\" data-id=\"a050170\" data-element_type=\"column\">\n\t\t\t<div class=\"elementor-widget-wrap elementor-element-populated\">\n\t\t\t\t\t\t<div class=\"elementor-element elementor-element-886132c elementor-invisible elementor-widget elementor-widget-heading\" data-id=\"886132c\" data-element_type=\"widget\" data-settings=\"{&quot;_animation&quot;:&quot;fadeIn&quot;}\" data-widget_type=\"heading.default\">\n\t\t\t\t<div class=\"elementor-widget-container\">\n\t\t\t<h2 class=\"elementor-heading-title elementor-size-default elementor-heading-title elementor-align-after-center\">Wir suchen<\/h2>\t\t<\/div>\n\t\t\t\t<\/div>\n\t\t\t\t\t<\/div>\n\t\t<\/div>\n\t\t\t\t\t<\/div>\n\t\t<\/section>\n\t\t\t\t<section class=\"elementor-section elementor-top-section elementor-element elementor-element-36882e0 elementor-section-boxed elementor-section-height-default elementor-section-height-default\" data-id=\"36882e0\" data-element_type=\"section\" data-settings=\"{&quot;_ha_eqh_enable&quot;:false}\">\n\t\t\t\t\t\t<div class=\"elementor-container elementor-column-gap-default\">\n\t\t\t\t\t<div class=\"elementor-column elementor-col-100 elementor-top-column elementor-element elementor-element-1ea01f0\" data-id=\"1ea01f0\" data-element_type=\"column\">\n\t\t\t<div class=\"elementor-widget-wrap elementor-element-populated\">\n\t\t\t\t\t\t<div class=\"elementor-element elementor-element-a1876be ha-has-bg-overlay elementor-widget elementor-widget-sm-service-block\" data-id=\"a1876be\" data-element_type=\"widget\" data-widget_type=\"sm-service-block.default\">\n\t\t\t\t<div class=\"elementor-widget-container\">\n\t\t\t\t\t<div class=\"man_service_block man_hover_margin\">\t\n\t\t\t<i class=\"ti-settings sm_icon\"><\/i>\n\t\t\t<h4 >MECHANIKER (m\/w\/d)  <br>Teilzeit oder Minijob<\/h4>\n\t\t\t<p >Aufgaben: <br>- General\u00fcberholung, Wartung und Reparatur von Maschinen und Anlagen<br>- Durchf\u00fchrung von Anpassungen und Umbauten<br>- Arbeiten in den Bereichen Mechanik, Pneumatik und Hydraulik<br><br><br>Profil:<br>- Abgeschlossene Ausbildung als Industriemechaniker, Mechatroniker, Land- und Baumaschinenmechaniker oder vergleichbare Qualifikation<br>- Erfahrung in der Instandhaltung oder Instandsetzung von Maschinen <br><br><br><\/p>\n\t\t\t\t\t<\/div>\n\n\t\t\t<\/div>\n\t\t\t\t<\/div>\n\t\t\t\t\t<\/div>\n\t\t<\/div>\n\t\t\t\t\t<\/div>\n\t\t<\/section>\n\t\t\t\t<section class=\"elementor-section elementor-top-section elementor-element elementor-element-1c260e7 elementor-section-boxed elementor-section-height-default elementor-section-height-default\" data-id=\"1c260e7\" data-element_type=\"section\" data-settings=\"{&quot;_ha_eqh_enable&quot;:&quot;yes&quot;,&quot;_ha_eqh_widget&quot;:[&quot;sm-service-block&quot;],&quot;_ha_eqh_to&quot;:&quot;widget&quot;,&quot;_ha_eqh_disable_on_tablet&quot;:&quot;no&quot;}\">\n\t\t\t\t\t\t<div class=\"elementor-container elementor-column-gap-default\">\n\t\t\t\t\t\t<\/div>\n\t\t<\/section>\n\t\t\t\t<section class=\"elementor-section elementor-top-section elementor-element elementor-element-639ede5 elementor-section-boxed elementor-section-height-default elementor-section-height-default\" data-id=\"639ede5\" data-element_type=\"section\" data-settings=\"{&quot;_ha_eqh_enable&quot;:false}\">\n\t\t\t\t\t\t<div class=\"elementor-container elementor-column-gap-default\">\n\t\t\t\t\t\t<\/div>\n\t\t<\/section>\n\t\t\t\t<section class=\"elementor-section elementor-top-section elementor-element elementor-element-fe3ff05 elementor-section-boxed elementor-section-height-default elementor-section-height-default\" data-id=\"fe3ff05\" data-element_type=\"section\" data-settings=\"{&quot;_ha_eqh_enable&quot;:false}\">\n\t\t\t\t\t\t<div class=\"elementor-container elementor-column-gap-default\">\n\t\t\t\t\t<div class=\"elementor-column elementor-col-100 elementor-top-column elementor-element elementor-element-0d2e812\" data-id=\"0d2e812\" data-element_type=\"column\">\n\t\t\t<div class=\"elementor-widget-wrap elementor-element-populated\">\n\t\t\t\t\t\t<div class=\"elementor-element elementor-element-e0817a4 elementor-widget elementor-widget-spacer\" data-id=\"e0817a4\" data-element_type=\"widget\" data-widget_type=\"spacer.default\">\n\t\t\t\t<div class=\"elementor-widget-container\">\n\t\t\t\t\t<div class=\"elementor-spacer\">\n\t\t\t<div class=\"elementor-spacer-inner\"><\/div>\n\t\t<\/div>\n\t\t\t\t<\/div>\n\t\t\t\t<\/div>\n\t\t\t\t\t<\/div>\n\t\t<\/div>\n\t\t\t\t\t<\/div>\n\t\t<\/section>\n\t\t\t\t<section class=\"elementor-section elementor-top-section elementor-element elementor-element-9606fe7 elementor-section-boxed elementor-section-height-default elementor-section-height-default\" data-id=\"9606fe7\" data-element_type=\"section\" data-settings=\"{&quot;_ha_eqh_enable&quot;:false}\">\n\t\t\t\t\t\t<div class=\"elementor-container elementor-column-gap-default\">\n\t\t\t\t\t<div class=\"elementor-column elementor-col-50 elementor-top-column elementor-element elementor-element-24be6c8\" data-id=\"24be6c8\" data-element_type=\"column\">\n\t\t\t<div class=\"elementor-widget-wrap elementor-element-populated\">\n\t\t\t\t\t\t<div class=\"elementor-element elementor-element-a6dfa99 elementor-widget elementor-widget-heading\" data-id=\"a6dfa99\" data-element_type=\"widget\" data-widget_type=\"heading.default\">\n\t\t\t\t<div class=\"elementor-widget-container\">\n\t\t\t<h2 class=\"elementor-heading-title elementor-size-default elementor-heading-title elementor-align-after-left\">Du bringst mit<\/h2>\t\t<\/div>\n\t\t\t\t<\/div>\n\t\t\t\t<div class=\"elementor-element elementor-element-266e0d6 elementor-widget elementor-widget-text-editor\" data-id=\"266e0d6\" data-element_type=\"widget\" data-widget_type=\"text-editor.default\">\n\t\t\t\t<div class=\"elementor-widget-container\">\n\t\t\t\t\t\t\t<ul><li>Eigenst\u00e4ndiges und l\u00f6sungsorientiertes Arbeiten<\/li><li>Zuverl\u00e4ssigkeit und Teamf\u00e4higkeit<\/li><li>Flexibilit\u00e4t und Offenheit f\u00fcr Neues<\/li><li>Gute Deutschkenntnisse in Wort und Schrift<\/li><\/ul>\t\t\t\t\t\t<\/div>\n\t\t\t\t<\/div>\n\t\t\t\t\t<\/div>\n\t\t<\/div>\n\t\t\t\t<div class=\"elementor-column elementor-col-50 elementor-top-column elementor-element elementor-element-5ab071c\" data-id=\"5ab071c\" data-element_type=\"column\">\n\t\t\t<div class=\"elementor-widget-wrap elementor-element-populated\">\n\t\t\t\t\t\t<div class=\"elementor-element elementor-element-40e1a2b elementor-widget elementor-widget-heading\" data-id=\"40e1a2b\" data-element_type=\"widget\" data-widget_type=\"heading.default\">\n\t\t\t\t<div class=\"elementor-widget-container\">\n\t\t\t<h2 class=\"elementor-heading-title elementor-size-default elementor-heading-title elementor-align-after-left\">Wir bieten Dir<\/h2>\t\t<\/div>\n\t\t\t\t<\/div>\n\t\t\t\t<div class=\"elementor-element elementor-element-5e28517 elementor-widget elementor-widget-text-editor\" data-id=\"5e28517\" data-element_type=\"widget\" data-widget_type=\"text-editor.default\">\n\t\t\t\t<div class=\"elementor-widget-container\">\n\t\t\t\t\t\t\t<ul><li>Unbefristetes Arbeitsverh\u00e4ltnis<\/li><li>Flexible Arbeitszeiten<\/li><li>Pr\u00e4mien sowie Weihnachts- und Urlaubsgeld<\/li><li>Betriebliche Altersvorsorge<\/li><li>Zentraler Standort\u00a0<\/li><\/ul>\t\t\t\t\t\t<\/div>\n\t\t\t\t<\/div>\n\t\t\t\t\t<\/div>\n\t\t<\/div>\n\t\t\t\t\t<\/div>\n\t\t<\/section>\n\t\t\t\t<section class=\"elementor-section elementor-top-section elementor-element elementor-element-f3298a2 elementor-section-boxed elementor-section-height-default elementor-section-height-default\" data-id=\"f3298a2\" data-element_type=\"section\" data-settings=\"{&quot;_ha_eqh_enable&quot;:false}\">\n\t\t\t\t\t\t<div class=\"elementor-container elementor-column-gap-default\">\n\t\t\t\t\t<div class=\"elementor-column elementor-col-100 elementor-top-column elementor-element elementor-element-36f6675\" data-id=\"36f6675\" data-element_type=\"column\">\n\t\t\t<div class=\"elementor-widget-wrap elementor-element-populated\">\n\t\t\t\t\t\t<div class=\"elementor-element elementor-element-b2b1143 elementor-widget elementor-widget-spacer\" data-id=\"b2b1143\" data-element_type=\"widget\" data-widget_type=\"spacer.default\">\n\t\t\t\t<div class=\"elementor-widget-container\">\n\t\t\t\t\t<div class=\"elementor-spacer\">\n\t\t\t<div class=\"elementor-spacer-inner\"><\/div>\n\t\t<\/div>\n\t\t\t\t<\/div>\n\t\t\t\t<\/div>\n\t\t\t\t\t<\/div>\n\t\t<\/div>\n\t\t\t\t\t<\/div>\n\t\t<\/section>\n\t\t\t\t<section class=\"elementor-section elementor-top-section elementor-element elementor-element-ed2e58f elementor-section-boxed elementor-section-height-default elementor-section-height-default\" data-id=\"ed2e58f\" data-element_type=\"section\" data-settings=\"{&quot;_ha_eqh_enable&quot;:false}\">\n\t\t\t\t\t\t<div class=\"elementor-container elementor-column-gap-default\">\n\t\t\t\t\t<div class=\"elementor-column elementor-col-100 elementor-top-column elementor-element elementor-element-ee22144\" data-id=\"ee22144\" data-element_type=\"column\">\n\t\t\t<div class=\"elementor-widget-wrap elementor-element-populated\">\n\t\t\t\t\t\t<div class=\"elementor-element elementor-element-8b2069b elementor-widget elementor-widget-heading\" data-id=\"8b2069b\" data-element_type=\"widget\" data-widget_type=\"heading.default\">\n\t\t\t\t<div class=\"elementor-widget-container\">\n\t\t\t<h2 class=\"elementor-heading-title elementor-size-default elementor-heading-title\"><p>Interessiert?<\/p><\/h2>\t\t<\/div>\n\t\t\t\t<\/div>\n\t\t\t\t\t<\/div>\n\t\t<\/div>\n\t\t\t\t\t<\/div>\n\t\t<\/section>\n\t\t\t\t<section class=\"elementor-section elementor-top-section elementor-element elementor-element-0211218 elementor-section-boxed elementor-section-height-default elementor-section-height-default\" data-id=\"0211218\" data-element_type=\"section\" data-settings=\"{&quot;_ha_eqh_enable&quot;:false}\">\n\t\t\t\t\t\t<div class=\"elementor-container elementor-column-gap-default\">\n\t\t\t\t\t<div class=\"elementor-column elementor-col-100 elementor-top-column elementor-element elementor-element-e469fa8\" data-id=\"e469fa8\" data-element_type=\"column\">\n\t\t\t<div class=\"elementor-widget-wrap elementor-element-populated\">\n\t\t\t\t\t\t<div class=\"elementor-element elementor-element-2726f2c elementor-widget elementor-widget-text-editor\" data-id=\"2726f2c\" data-element_type=\"widget\" data-widget_type=\"text-editor.default\">\n\t\t\t\t<div class=\"elementor-widget-container\">\n\t\t\t\t\t\t\t<p>Dann melde dich bei uns \u2013 eine kurze Nachricht per E-Mail gen\u00fcgt.<\/p><p>Unsere E-Mail-Adresse: info@joema.de<\/p><p>\u00a0<\/p><p>Wir freuen uns von Dir zu h\u00f6ren!<\/p>\t\t\t\t\t\t<\/div>\n\t\t\t\t<\/div>\n\t\t\t\t\t<\/div>\n\t\t<\/div>\n\t\t\t\t\t<\/div>\n\t\t<\/section>\n\t\t\t\t<section class=\"elementor-section elementor-top-section elementor-element elementor-element-02c3318 elementor-section-boxed elementor-section-height-default elementor-section-height-default\" data-id=\"02c3318\" data-element_type=\"section\" data-settings=\"{&quot;_ha_eqh_enable&quot;:false}\">\n\t\t\t\t\t\t<div class=\"elementor-container elementor-column-gap-default\">\n\t\t\t\t\t<div class=\"elementor-column elementor-col-100 elementor-top-column elementor-element elementor-element-217eab0\" data-id=\"217eab0\" data-element_type=\"column\">\n\t\t\t<div class=\"elementor-widget-wrap elementor-element-populated\">\n\t\t\t\t\t\t<div class=\"elementor-element elementor-element-c80b0fb elementor-widget elementor-widget-spacer\" data-id=\"c80b0fb\" data-element_type=\"widget\" data-widget_type=\"spacer.default\">\n\t\t\t\t<div class=\"elementor-widget-container\">\n\t\t\t\t\t<div class=\"elementor-spacer\">\n\t\t\t<div class=\"elementor-spacer-inner\"><\/div>\n\t\t<\/div>\n\t\t\t\t<\/div>\n\t\t\t\t<\/div>\n\t\t\t\t<div class=\"elementor-element elementor-element-dc6f5eb elementor-widget elementor-widget-spacer\" data-id=\"dc6f5eb\" data-element_type=\"widget\" data-widget_type=\"spacer.default\">\n\t\t\t\t<div class=\"elementor-widget-container\">\n\t\t\t\t\t<div class=\"elementor-spacer\">\n\t\t\t<div class=\"elementor-spacer-inner\"><\/div>\n\t\t<\/div>\n\t\t\t\t<\/div>\n\t\t\t\t<\/div>\n\t\t\t\t\t<\/div>\n\t\t<\/div>\n\t\t\t\t\t<\/div>\n\t\t<\/section>\n\t\t\t\t<\/div>\n\t\t","protected":false},"excerpt":{"rendered":"<p>Arbeiten bei uns Als Kleinunternehmen mit langj\u00e4hriger Erfahrung in der internationalen Holzbearbeitungsmaschinenbranche sind wir stets auf der Suche&#8230;<\/p>\n","protected":false},"author":1,"featured_media":0,"parent":0,"menu_order":0,"comment_status":"closed","ping_status":"closed","template":"elementor_header_footer","meta":{"footnotes":""},"class_list":["post-346","page","type-page","status-publish","hentry"],"_links":{"self":[{"href":"https:\/\/joema.de\/index.php?rest_route=\/wp\/v2\/pages\/346"}],"collection":[{"href":"https:\/\/joema.de\/index.php?rest_route=\/wp\/v2\/pages"}],"about":[{"href":"https:\/\/joema.de\/index.php?rest_route=\/wp\/v2\/types\/page"}],"author":[{"embeddable":true,"href":"https:\/\/joema.de\/index.php?rest_route=\/wp\/v2\/users\/1"}],"replies":[{"embeddable":true,"href":"https:\/\/joema.de\/index.php?rest_route=%2Fwp%2Fv2%2Fcomments&post=346"}],"version-history":[{"count":10,"href":"https:\/\/joema.de\/index.php?rest_route=\/wp\/v2\/pages\/346\/revisions"}],"predecessor-version":[{"id":5522,"href":"https:\/\/joema.de\/index.php?rest_route=\/wp\/v2\/pages\/346\/revisions\/5522"}],"wp:attachment":[{"href":"https:\/\/joema.de\/index.php?rest_route=%2Fwp%2Fv2%2Fmedia&parent=346"}],"curies":[{"name":"wp","href":"https:\/\/api.w.org\/{rel}","templated":true}]}}